{"id":2803,"date":"2020-10-14T16:19:50","date_gmt":"2020-10-14T14:19:50","guid":{"rendered":"http:\/\/clients.rubystudio.dk\/chatboard\/product\/storage-unit-da\/"},"modified":"2026-03-20T12:37:20","modified_gmt":"2026-03-20T10:37:20","slug":"storage-unit","status":"publish","type":"product","link":"https:\/\/chat-board.dk\/da\/storage-unit\/","title":{"rendered":"STORAGE UNIT"},"content":{"rendered":"<h3 style=\"text-align: left;\" data-start=\"104\" data-end=\"165\">Ryddelig opbevaring til whiteboard tilbeh\u00f8r i hverdagen<\/h3>\n<p style=\"text-align: left;\" data-start=\"167\" data-end=\"431\">CHAT BOARD\u00ae Storage Unit, designet af <a href=\"https:\/\/arde.dk\/\">ARDE design studio<\/a>, er en enkel og tidl\u00f8s l\u00f8sning til opbevaring af dit whiteboard-tilbeh\u00f8r. Det todelte design giver overblik og holder tusser, viskere og ekstra whiteboard-magneter samlet og let tilg\u00e6ngelige.<\/p>\n<p style=\"text-align: left;\" data-start=\"433\" data-end=\"497\">Det skaber orden i arbejdsomr\u00e5det uden at tage fokus fra tavlen.<\/p>\n<h3 style=\"text-align: left;\" data-start=\"504\" data-end=\"548\"><\/h3>\n<h3 style=\"text-align: left;\" data-start=\"504\" data-end=\"548\">Designet til at matche dit CHAT BOARD\u00ae<\/h3>\n<p style=\"text-align: left;\" data-start=\"550\" data-end=\"776\">Storage Unit f\u00e5s i to varianter, herunder en version der integreres direkte med ethvert CHAT BOARD\u00ae <a href=\"https:\/\/chat-board.dk\/products\/\">whiteboard<\/a>. Den underst\u00f8tter tavlens visuelle udtryk og tilf\u00f8rer praktisk opbevaring, pr\u00e6cis hvor du har brug for den.<\/p>\n<p style=\"text-align: left;\" data-start=\"778\" data-end=\"828\">Alt forbliver organiseret og inden for r\u00e6kkevidde.<\/p>\n<h3 style=\"text-align: left;\" data-start=\"835\" data-end=\"876\"><\/h3>\n<h3 style=\"text-align: left;\" data-start=\"835\" data-end=\"876\">Holdbare materialer til daglig brug<\/h3>\n<p style=\"text-align: left;\" data-start=\"878\" data-end=\"1076\">Denne whiteboard-opbevaringsenhed er fremstillet i spr\u00f8jtest\u00f8bt ABS kombineret med pulverlakeret st\u00e5l. Materialevalget sikrer h\u00f8j holdbarhed, stabilitet og lang levetid i professionelle milj\u00f8er.<\/p>\n<p style=\"text-align: left;\" data-start=\"1078\" data-end=\"1147\">Et funktionelt stykke whiteboard-tilbeh\u00f8r, skabt til daglig brug.<\/p>\n","protected":false},"excerpt":{"rendered":"<p>CHAT BOARD\u00ae Storage Unit er vores funktionelle 2-rums opbevaringsenhed til alt dit CHAT BOARD\u00ae tilbeh\u00f8r.<\/p>\n","protected":false},"featured_media":2037,"comment_status":"open","ping_status":"closed","template":"","meta":{"_acf_changed":false},"product_brand":[],"product_cat":[96],"product_tag":[],"class_list":{"0":"post-2803","1":"product","2":"type-product","3":"status-publish","4":"has-post-thumbnail","6":"product_cat-tilbehor","7":"designer-arde-design-studio-da","9":"first","10":"instock","11":"shipping-taxable","12":"product-type-simple"},"acf":[],"yoast_head":"<!-- This site is optimized with the Yoast SEO plugin v25.3.1 - https:\/\/yoast.com\/wordpress\/plugins\/seo\/ -->\n<title>STORAGE UNIT - Whiteboard Tilbeh\u00f8r<\/title>\n<meta name=\"description\" content=\"Whiteboard opbevaring fra CHAT BOARD\u00ae. Todelt Storage Unit til tusser, viskere og whiteboard-tilbeh\u00f8r i et tidl\u00f8st og funktionelt design.\" \/>\n<meta name=\"robots\" content=\"index, follow, max-snippet:-1, max-image-preview:large, max-video-preview:-1\" \/>\n<link rel=\"canonical\" href=\"https:\/\/chat-board.dk\/da\/storage-unit\/\" \/>\n<meta property=\"og:locale\" content=\"da_DK\" \/>\n<meta property=\"og:type\" content=\"article\" \/>\n<meta property=\"og:title\" content=\"STORAGE UNIT - Whiteboard Tilbeh\u00f8r\" \/>\n<meta property=\"og:description\" content=\"Whiteboard opbevaring fra CHAT BOARD\u00ae. Todelt Storage Unit til tusser, viskere og whiteboard-tilbeh\u00f8r i et tidl\u00f8st og funktionelt design.\" \/>\n<meta property=\"og:url\" content=\"https:\/\/chat-board.dk\/da\/storage-unit\/\" \/>\n<meta property=\"og:site_name\" content=\"CHAT BOARD\" \/>\n<meta property=\"article:modified_time\" content=\"2026-03-20T10:37:20+00:00\" \/>\n<meta property=\"og:image\" content=\"https:\/\/chat-board.dk\/wp-content\/uploads\/2020\/10\/CHAT-BOARD-Storage-Unit-Magnetic-Black-with-pens-1-e1605014673669.jpg\" \/>\n\t<meta property=\"og:image:width\" content=\"800\" \/>\n\t<meta property=\"og:image:height\" content=\"1200\" \/>\n\t<meta property=\"og:image:type\" content=\"image\/jpeg\" \/>\n<meta name=\"twitter:card\" content=\"summary_large_image\" \/>\n<meta name=\"twitter:label1\" content=\"Est. reading time\" \/>\n\t<meta name=\"twitter:data1\" content=\"1 minute\" \/>\n<script type=\"application\/ld+json\" class=\"yoast-schema-graph\">{\"@context\":\"https:\/\/schema.org\",\"@graph\":[{\"@type\":\"WebPage\",\"@id\":\"https:\/\/chat-board.dk\/da\/storage-unit\/\",\"url\":\"https:\/\/chat-board.dk\/da\/storage-unit\/\",\"name\":\"STORAGE UNIT - Whiteboard Tilbeh\u00f8r\",\"isPartOf\":{\"@id\":\"https:\/\/chat-board.dk\/da\/#website\"},\"primaryImageOfPage\":{\"@id\":\"https:\/\/chat-board.dk\/da\/storage-unit\/#primaryimage\"},\"image\":{\"@id\":\"https:\/\/chat-board.dk\/da\/storage-unit\/#primaryimage\"},\"thumbnailUrl\":\"https:\/\/chat-board.dk\/wp-content\/uploads\/2020\/10\/CHAT-BOARD-Storage-Unit-Magnetic-Black-with-pens-1-e1605014673669.jpg\",\"datePublished\":\"2020-10-14T14:19:50+00:00\",\"dateModified\":\"2026-03-20T10:37:20+00:00\",\"description\":\"Whiteboard opbevaring fra CHAT BOARD\u00ae. Todelt Storage Unit til tusser, viskere og whiteboard-tilbeh\u00f8r i et tidl\u00f8st og funktionelt design.\",\"breadcrumb\":{\"@id\":\"https:\/\/chat-board.dk\/da\/storage-unit\/#breadcrumb\"},\"inLanguage\":\"da-DK\",\"potentialAction\":[{\"@type\":\"ReadAction\",\"target\":[\"https:\/\/chat-board.dk\/da\/storage-unit\/\"]}]},{\"@type\":\"ImageObject\",\"inLanguage\":\"da-DK\",\"@id\":\"https:\/\/chat-board.dk\/da\/storage-unit\/#primaryimage\",\"url\":\"https:\/\/chat-board.dk\/wp-content\/uploads\/2020\/10\/CHAT-BOARD-Storage-Unit-Magnetic-Black-with-pens-1-e1605014673669.jpg\",\"contentUrl\":\"https:\/\/chat-board.dk\/wp-content\/uploads\/2020\/10\/CHAT-BOARD-Storage-Unit-Magnetic-Black-with-pens-1-e1605014673669.jpg\",\"width\":800,\"height\":1200},{\"@type\":\"BreadcrumbList\",\"@id\":\"https:\/\/chat-board.dk\/da\/storage-unit\/#breadcrumb\",\"itemListElement\":[{\"@type\":\"ListItem\",\"position\":1,\"name\":\"Home\",\"item\":\"https:\/\/chat-board.dk\/da\/\"},{\"@type\":\"ListItem\",\"position\":2,\"name\":\"Produkter\",\"item\":\"https:\/\/chat-board.dk\/da\/produkter\/\"},{\"@type\":\"ListItem\",\"position\":3,\"name\":\"STORAGE UNIT\"}]},{\"@type\":\"WebSite\",\"@id\":\"https:\/\/chat-board.dk\/da\/#website\",\"url\":\"https:\/\/chat-board.dk\/da\/\",\"name\":\"CHAT BOARD\",\"description\":\"\",\"potentialAction\":[{\"@type\":\"SearchAction\",\"target\":{\"@type\":\"EntryPoint\",\"urlTemplate\":\"https:\/\/chat-board.dk\/da\/?s={search_term_string}\"},\"query-input\":{\"@type\":\"PropertyValueSpecification\",\"valueRequired\":true,\"valueName\":\"search_term_string\"}}],\"inLanguage\":\"da-DK\"}]}<\/script>\n<!-- \/ Yoast SEO plugin. -->","yoast_head_json":{"title":"STORAGE UNIT - Whiteboard Tilbeh\u00f8r","description":"Whiteboard opbevaring fra CHAT BOARD\u00ae. Todelt Storage Unit til tusser, viskere og whiteboard-tilbeh\u00f8r i et tidl\u00f8st og funktionelt design.","robots":{"index":"index","follow":"follow","max-snippet":"max-snippet:-1","max-image-preview":"max-image-preview:large","max-video-preview":"max-video-preview:-1"},"canonical":"https:\/\/chat-board.dk\/da\/storage-unit\/","og_locale":"da_DK","og_type":"article","og_title":"STORAGE UNIT - Whiteboard Tilbeh\u00f8r","og_description":"Whiteboard opbevaring fra CHAT BOARD\u00ae. Todelt Storage Unit til tusser, viskere og whiteboard-tilbeh\u00f8r i et tidl\u00f8st og funktionelt design.","og_url":"https:\/\/chat-board.dk\/da\/storage-unit\/","og_site_name":"CHAT BOARD","article_modified_time":"2026-03-20T10:37:20+00:00","og_image":[{"width":800,"height":1200,"url":"https:\/\/chat-board.dk\/wp-content\/uploads\/2020\/10\/CHAT-BOARD-Storage-Unit-Magnetic-Black-with-pens-1-e1605014673669.jpg","type":"image\/jpeg"}],"twitter_card":"summary_large_image","twitter_misc":{"Est. reading time":"1 minute"},"schema":{"@context":"https:\/\/schema.org","@graph":[{"@type":"WebPage","@id":"https:\/\/chat-board.dk\/da\/storage-unit\/","url":"https:\/\/chat-board.dk\/da\/storage-unit\/","name":"STORAGE UNIT - Whiteboard Tilbeh\u00f8r","isPartOf":{"@id":"https:\/\/chat-board.dk\/da\/#website"},"primaryImageOfPage":{"@id":"https:\/\/chat-board.dk\/da\/storage-unit\/#primaryimage"},"image":{"@id":"https:\/\/chat-board.dk\/da\/storage-unit\/#primaryimage"},"thumbnailUrl":"https:\/\/chat-board.dk\/wp-content\/uploads\/2020\/10\/CHAT-BOARD-Storage-Unit-Magnetic-Black-with-pens-1-e1605014673669.jpg","datePublished":"2020-10-14T14:19:50+00:00","dateModified":"2026-03-20T10:37:20+00:00","description":"Whiteboard opbevaring fra CHAT BOARD\u00ae. Todelt Storage Unit til tusser, viskere og whiteboard-tilbeh\u00f8r i et tidl\u00f8st og funktionelt design.","breadcrumb":{"@id":"https:\/\/chat-board.dk\/da\/storage-unit\/#breadcrumb"},"inLanguage":"da-DK","potentialAction":[{"@type":"ReadAction","target":["https:\/\/chat-board.dk\/da\/storage-unit\/"]}]},{"@type":"ImageObject","inLanguage":"da-DK","@id":"https:\/\/chat-board.dk\/da\/storage-unit\/#primaryimage","url":"https:\/\/chat-board.dk\/wp-content\/uploads\/2020\/10\/CHAT-BOARD-Storage-Unit-Magnetic-Black-with-pens-1-e1605014673669.jpg","contentUrl":"https:\/\/chat-board.dk\/wp-content\/uploads\/2020\/10\/CHAT-BOARD-Storage-Unit-Magnetic-Black-with-pens-1-e1605014673669.jpg","width":800,"height":1200},{"@type":"BreadcrumbList","@id":"https:\/\/chat-board.dk\/da\/storage-unit\/#breadcrumb","itemListElement":[{"@type":"ListItem","position":1,"name":"Home","item":"https:\/\/chat-board.dk\/da\/"},{"@type":"ListItem","position":2,"name":"Produkter","item":"https:\/\/chat-board.dk\/da\/produkter\/"},{"@type":"ListItem","position":3,"name":"STORAGE UNIT"}]},{"@type":"WebSite","@id":"https:\/\/chat-board.dk\/da\/#website","url":"https:\/\/chat-board.dk\/da\/","name":"CHAT BOARD","description":"","potentialAction":[{"@type":"SearchAction","target":{"@type":"EntryPoint","urlTemplate":"https:\/\/chat-board.dk\/da\/?s={search_term_string}"},"query-input":{"@type":"PropertyValueSpecification","valueRequired":true,"valueName":"search_term_string"}}],"inLanguage":"da-DK"}]}},"_links":{"self":[{"href":"https:\/\/chat-board.dk\/da\/wp-json\/wp\/v2\/product\/2803","targetHints":{"allow":["GET"]}}],"collection":[{"href":"https:\/\/chat-board.dk\/da\/wp-json\/wp\/v2\/product"}],"about":[{"href":"https:\/\/chat-board.dk\/da\/wp-json\/wp\/v2\/types\/product"}],"replies":[{"embeddable":true,"href":"https:\/\/chat-board.dk\/da\/wp-json\/wp\/v2\/comments?post=2803"}],"wp:featuredmedia":[{"embeddable":true,"href":"https:\/\/chat-board.dk\/da\/wp-json\/wp\/v2\/media\/2037"}],"wp:attachment":[{"href":"https:\/\/chat-board.dk\/da\/wp-json\/wp\/v2\/media?parent=2803"}],"wp:term":[{"taxonomy":"product_brand","embeddable":true,"href":"https:\/\/chat-board.dk\/da\/wp-json\/wp\/v2\/product_brand?post=2803"},{"taxonomy":"product_cat","embeddable":true,"href":"https:\/\/chat-board.dk\/da\/wp-json\/wp\/v2\/product_cat?post=2803"},{"taxonomy":"product_tag","embeddable":true,"href":"https:\/\/chat-board.dk\/da\/wp-json\/wp\/v2\/product_tag?post=2803"}],"curies":[{"name":"wp","href":"https:\/\/api.w.org\/{rel}","templated":true}]}}