{"id":2798,"date":"2020-10-14T16:17:24","date_gmt":"2020-10-14T14:17:24","guid":{"rendered":"http:\/\/clients.rubystudio.dk\/chatboard\/product\/squad-da\/"},"modified":"2026-03-20T12:31:55","modified_gmt":"2026-03-20T10:31:55","slug":"squad-da","status":"publish","type":"product","link":"https:\/\/chat-board.dk\/da\/squad-da\/","title":{"rendered":"SQUAD"},"content":{"rendered":"<h3 style=\"text-align: left;\" data-start=\"115\" data-end=\"160\">SQUAD &#8211; Fritst\u00e5ende Glastavle Kollektion<\/h3>\n<p style=\"text-align: left;\" data-start=\"162\" data-end=\"451\">CHAT BOARD\u00ae SQUAD er en kollektion af fritst\u00e5ende glastavler, udviklet i samarbejde med de svenske rumplanl\u00e6ggere <a href=\"https:\/\/www.rumrum.se\/\">RUMRUM<\/a>. Serien kombinerer magnetiske glasoverflader med lette st\u00e5lstrukturer og skaber fleksible l\u00f8sninger til moderne kontorer, samarbejdsrum og undervisningsmilj\u00f8er.<\/p>\n<p style=\"text-align: left;\" data-start=\"453\" data-end=\"597\">Kollektionen best\u00e5r af to fritst\u00e5ende enheder og \u00e9n selvb\u00e6rende bordsk\u00e6rm, suppleret af dedikerede opbevaringselementer kaldet SQUAD Collectors.<\/p>\n<h2 style=\"text-align: left;\" data-start=\"604\" data-end=\"647\"><\/h2>\n<h3 style=\"text-align: left;\" data-start=\"604\" data-end=\"647\">Designet med fokus p\u00e5 form og funktion<\/h3>\n<p style=\"text-align: left;\" data-start=\"649\" data-end=\"854\">SQUAD bygger p\u00e5 en skandinavisk designtradition, hvor form og funktion g\u00e5r h\u00e5nd i h\u00e5nd. De pulverlakerede st\u00e5lrammer skaber stabile, men lette konstruktioner, der underst\u00f8tter de magnetiske glastavler.<\/p>\n<p style=\"text-align: left;\" data-start=\"856\" data-end=\"1022\">Perforerede st\u00e5lpaneler tilf\u00f8rer et geometrisk kvadratisk m\u00f8nster, som skaber visuel struktur uden at forstyrre det minimalistiske udtryk. Hver detalje har et form\u00e5l.<\/p>\n<h2 style=\"text-align: left;\" data-start=\"1029\" data-end=\"1062\"><\/h2>\n<h3 style=\"text-align: left;\" data-start=\"1029\" data-end=\"1062\">Fleksible arbejdsops\u00e6tninger<\/h3>\n<p style=\"text-align: left;\" data-start=\"1064\" data-end=\"1243\">De to fritst\u00e5ende modeller: The Runner og The Teacher, underst\u00f8tter dynamiske arbejdsmilj\u00f8er og fungerer som flytbare whiteboards til m\u00f8der, workshops og samarbejde.<\/p>\n<p style=\"text-align: left;\" data-start=\"1245\" data-end=\"1507\">Bordsk\u00e6rmen \u2013 The Poet \u2013 fungerer som et kompakt whiteboard til skrivebord, ideelt til fokuserede arbejdspladser. P\u00e5 bagsiden integrerer The Poet en BuzziFelt opslagstavle fremstillet af 100 % genanvendt PET, som tilf\u00f8rer b\u00e5de akustisk og praktisk v\u00e6rdi.<\/p>\n<p style=\"text-align: left;\" data-start=\"1509\" data-end=\"1628\">Ekstra tilvalg giver yderligere fleksibilitet, herunder bremsehjul, ekstra magnetisk glaspanel eller <a href=\"https:\/\/chat-board.dk\/da\/buzzifelt-da\/\">BuzziFelt-bagside.<\/a><\/p>\n<h2 style=\"text-align: left;\" data-start=\"1635\" data-end=\"1667\"><\/h2>\n<h3 style=\"text-align: left;\" data-start=\"1635\" data-end=\"1667\">Tilpasning og b\u00e6redygtighed<\/h3>\n<p style=\"text-align: left;\" data-start=\"1669\" data-end=\"1840\">SQUAD tilbyder fuld tilpasning. V\u00e6lg mellem mat glas, printede glaspaneler eller enhver standard NCS- eller RAL-farve. Alternative BuzziFelt-farver f\u00e5s efter foresp\u00f8rgsel.<\/p>\n<p style=\"text-align: left;\" data-start=\"1842\" data-end=\"2082\">Kollektionen er <a href=\"https:\/\/c2ccertified.org\/certified-products\/chat-board-classic-elements-orbit\">Cradle to Cradle Bronze-certificeret<\/a> og har opn\u00e5et Platinum i Water Stewardship samt Gold i Renewable Energy Carbon Management. Designet og produceret i Skandinavien kombinerer SQUAD ansvarlig produktion med lang holdbarhed.<\/p>\n","protected":false},"excerpt":{"rendered":"<p>CHAT BOARD\u00ae SQUAD forener det ultimative inden for n\u00f8gtern funktionalitet og kompromisl\u00f8s \u00e6stetik i en str\u00f8mlinet kollektion best\u00e5ende af fritst\u00e5ende tavler, bordsk\u00e6rm og opbevaringsenheder.<\/p>\n","protected":false},"featured_media":5554,"comment_status":"open","ping_status":"closed","template":"","meta":{"_acf_changed":false},"product_brand":[],"product_cat":[100],"product_tag":[],"class_list":{"0":"post-2798","1":"product","2":"type-product","3":"status-publish","4":"has-post-thumbnail","6":"product_cat-fritstaende","7":"designer-rumrum-da","9":"first","10":"instock","11":"shipping-taxable","12":"product-type-simple"},"acf":[],"yoast_head":"<!-- This site is optimized with the Yoast SEO plugin v25.3.1 - https:\/\/yoast.com\/wordpress\/plugins\/seo\/ -->\n<title>SQUAD - CHAT BOARD<\/title>\n<meta name=\"description\" content=\"Fritst\u00e5ende glastavle fra CHAT BOARD\u00ae. Magnetiske glastavler og bordsk\u00e6rme i fleksibelt design til moderne kontorer og samarbejdsrum.\" \/>\n<meta name=\"robots\" content=\"index, follow, max-snippet:-1, max-image-preview:large, max-video-preview:-1\" \/>\n<link rel=\"canonical\" href=\"https:\/\/chat-board.dk\/da\/squad-da\/\" \/>\n<meta property=\"og:locale\" content=\"da_DK\" \/>\n<meta property=\"og:type\" content=\"article\" \/>\n<meta property=\"og:title\" content=\"SQUAD - CHAT BOARD\" \/>\n<meta property=\"og:description\" content=\"Fritst\u00e5ende glastavle fra CHAT BOARD\u00ae. Magnetiske glastavler og bordsk\u00e6rme i fleksibelt design til moderne kontorer og samarbejdsrum.\" \/>\n<meta property=\"og:url\" content=\"https:\/\/chat-board.dk\/da\/squad-da\/\" \/>\n<meta property=\"og:site_name\" content=\"CHAT BOARD\" \/>\n<meta property=\"article:modified_time\" content=\"2026-03-20T10:31:55+00:00\" \/>\n<meta property=\"og:image\" content=\"https:\/\/chat-board.dk\/wp-content\/uploads\/2020\/10\/CHAT-BOARD-SQUAD-Runner-conference-room-gallery-scaled.jpg\" \/>\n\t<meta property=\"og:image:width\" content=\"1706\" \/>\n\t<meta property=\"og:image:height\" content=\"2560\" \/>\n\t<meta property=\"og:image:type\" content=\"image\/jpeg\" \/>\n<meta name=\"twitter:card\" content=\"summary_large_image\" \/>\n<meta name=\"twitter:label1\" content=\"Est. reading time\" \/>\n\t<meta name=\"twitter:data1\" content=\"2 minutes\" \/>\n<script type=\"application\/ld+json\" class=\"yoast-schema-graph\">{\"@context\":\"https:\/\/schema.org\",\"@graph\":[{\"@type\":\"WebPage\",\"@id\":\"https:\/\/chat-board.dk\/da\/squad-da\/\",\"url\":\"https:\/\/chat-board.dk\/da\/squad-da\/\",\"name\":\"SQUAD - CHAT BOARD\",\"isPartOf\":{\"@id\":\"https:\/\/chat-board.dk\/da\/#website\"},\"primaryImageOfPage\":{\"@id\":\"https:\/\/chat-board.dk\/da\/squad-da\/#primaryimage\"},\"image\":{\"@id\":\"https:\/\/chat-board.dk\/da\/squad-da\/#primaryimage\"},\"thumbnailUrl\":\"https:\/\/chat-board.dk\/wp-content\/uploads\/2020\/10\/CHAT-BOARD-SQUAD-Runner-conference-room-gallery-scaled.jpg\",\"datePublished\":\"2020-10-14T14:17:24+00:00\",\"dateModified\":\"2026-03-20T10:31:55+00:00\",\"description\":\"Fritst\u00e5ende glastavle fra CHAT BOARD\u00ae. Magnetiske glastavler og bordsk\u00e6rme i fleksibelt design til moderne kontorer og samarbejdsrum.\",\"breadcrumb\":{\"@id\":\"https:\/\/chat-board.dk\/da\/squad-da\/#breadcrumb\"},\"inLanguage\":\"da-DK\",\"potentialAction\":[{\"@type\":\"ReadAction\",\"target\":[\"https:\/\/chat-board.dk\/da\/squad-da\/\"]}]},{\"@type\":\"ImageObject\",\"inLanguage\":\"da-DK\",\"@id\":\"https:\/\/chat-board.dk\/da\/squad-da\/#primaryimage\",\"url\":\"https:\/\/chat-board.dk\/wp-content\/uploads\/2020\/10\/CHAT-BOARD-SQUAD-Runner-conference-room-gallery-scaled.jpg\",\"contentUrl\":\"https:\/\/chat-board.dk\/wp-content\/uploads\/2020\/10\/CHAT-BOARD-SQUAD-Runner-conference-room-gallery-scaled.jpg\",\"width\":1706,\"height\":2560,\"caption\":\"CHAT BOARD SQUAD, two Runner units\"},{\"@type\":\"BreadcrumbList\",\"@id\":\"https:\/\/chat-board.dk\/da\/squad-da\/#breadcrumb\",\"itemListElement\":[{\"@type\":\"ListItem\",\"position\":1,\"name\":\"Home\",\"item\":\"https:\/\/chat-board.dk\/da\/\"},{\"@type\":\"ListItem\",\"position\":2,\"name\":\"Produkter\",\"item\":\"https:\/\/chat-board.dk\/da\/produkter\/\"},{\"@type\":\"ListItem\",\"position\":3,\"name\":\"SQUAD\"}]},{\"@type\":\"WebSite\",\"@id\":\"https:\/\/chat-board.dk\/da\/#website\",\"url\":\"https:\/\/chat-board.dk\/da\/\",\"name\":\"CHAT BOARD\",\"description\":\"\",\"potentialAction\":[{\"@type\":\"SearchAction\",\"target\":{\"@type\":\"EntryPoint\",\"urlTemplate\":\"https:\/\/chat-board.dk\/da\/?s={search_term_string}\"},\"query-input\":{\"@type\":\"PropertyValueSpecification\",\"valueRequired\":true,\"valueName\":\"search_term_string\"}}],\"inLanguage\":\"da-DK\"}]}<\/script>\n<!-- \/ Yoast SEO plugin. -->","yoast_head_json":{"title":"SQUAD - CHAT BOARD","description":"Fritst\u00e5ende glastavle fra CHAT BOARD\u00ae. Magnetiske glastavler og bordsk\u00e6rme i fleksibelt design til moderne kontorer og samarbejdsrum.","robots":{"index":"index","follow":"follow","max-snippet":"max-snippet:-1","max-image-preview":"max-image-preview:large","max-video-preview":"max-video-preview:-1"},"canonical":"https:\/\/chat-board.dk\/da\/squad-da\/","og_locale":"da_DK","og_type":"article","og_title":"SQUAD - CHAT BOARD","og_description":"Fritst\u00e5ende glastavle fra CHAT BOARD\u00ae. Magnetiske glastavler og bordsk\u00e6rme i fleksibelt design til moderne kontorer og samarbejdsrum.","og_url":"https:\/\/chat-board.dk\/da\/squad-da\/","og_site_name":"CHAT BOARD","article_modified_time":"2026-03-20T10:31:55+00:00","og_image":[{"width":1706,"height":2560,"url":"https:\/\/chat-board.dk\/wp-content\/uploads\/2020\/10\/CHAT-BOARD-SQUAD-Runner-conference-room-gallery-scaled.jpg","type":"image\/jpeg"}],"twitter_card":"summary_large_image","twitter_misc":{"Est. reading time":"2 minutes"},"schema":{"@context":"https:\/\/schema.org","@graph":[{"@type":"WebPage","@id":"https:\/\/chat-board.dk\/da\/squad-da\/","url":"https:\/\/chat-board.dk\/da\/squad-da\/","name":"SQUAD - CHAT BOARD","isPartOf":{"@id":"https:\/\/chat-board.dk\/da\/#website"},"primaryImageOfPage":{"@id":"https:\/\/chat-board.dk\/da\/squad-da\/#primaryimage"},"image":{"@id":"https:\/\/chat-board.dk\/da\/squad-da\/#primaryimage"},"thumbnailUrl":"https:\/\/chat-board.dk\/wp-content\/uploads\/2020\/10\/CHAT-BOARD-SQUAD-Runner-conference-room-gallery-scaled.jpg","datePublished":"2020-10-14T14:17:24+00:00","dateModified":"2026-03-20T10:31:55+00:00","description":"Fritst\u00e5ende glastavle fra CHAT BOARD\u00ae. Magnetiske glastavler og bordsk\u00e6rme i fleksibelt design til moderne kontorer og samarbejdsrum.","breadcrumb":{"@id":"https:\/\/chat-board.dk\/da\/squad-da\/#breadcrumb"},"inLanguage":"da-DK","potentialAction":[{"@type":"ReadAction","target":["https:\/\/chat-board.dk\/da\/squad-da\/"]}]},{"@type":"ImageObject","inLanguage":"da-DK","@id":"https:\/\/chat-board.dk\/da\/squad-da\/#primaryimage","url":"https:\/\/chat-board.dk\/wp-content\/uploads\/2020\/10\/CHAT-BOARD-SQUAD-Runner-conference-room-gallery-scaled.jpg","contentUrl":"https:\/\/chat-board.dk\/wp-content\/uploads\/2020\/10\/CHAT-BOARD-SQUAD-Runner-conference-room-gallery-scaled.jpg","width":1706,"height":2560,"caption":"CHAT BOARD SQUAD, two Runner units"},{"@type":"BreadcrumbList","@id":"https:\/\/chat-board.dk\/da\/squad-da\/#breadcrumb","itemListElement":[{"@type":"ListItem","position":1,"name":"Home","item":"https:\/\/chat-board.dk\/da\/"},{"@type":"ListItem","position":2,"name":"Produkter","item":"https:\/\/chat-board.dk\/da\/produkter\/"},{"@type":"ListItem","position":3,"name":"SQUAD"}]},{"@type":"WebSite","@id":"https:\/\/chat-board.dk\/da\/#website","url":"https:\/\/chat-board.dk\/da\/","name":"CHAT BOARD","description":"","potentialAction":[{"@type":"SearchAction","target":{"@type":"EntryPoint","urlTemplate":"https:\/\/chat-board.dk\/da\/?s={search_term_string}"},"query-input":{"@type":"PropertyValueSpecification","valueRequired":true,"valueName":"search_term_string"}}],"inLanguage":"da-DK"}]}},"_links":{"self":[{"href":"https:\/\/chat-board.dk\/da\/wp-json\/wp\/v2\/product\/2798","targetHints":{"allow":["GET"]}}],"collection":[{"href":"https:\/\/chat-board.dk\/da\/wp-json\/wp\/v2\/product"}],"about":[{"href":"https:\/\/chat-board.dk\/da\/wp-json\/wp\/v2\/types\/product"}],"replies":[{"embeddable":true,"href":"https:\/\/chat-board.dk\/da\/wp-json\/wp\/v2\/comments?post=2798"}],"wp:featuredmedia":[{"embeddable":true,"href":"https:\/\/chat-board.dk\/da\/wp-json\/wp\/v2\/media\/5554"}],"wp:attachment":[{"href":"https:\/\/chat-board.dk\/da\/wp-json\/wp\/v2\/media?parent=2798"}],"wp:term":[{"taxonomy":"product_brand","embeddable":true,"href":"https:\/\/chat-board.dk\/da\/wp-json\/wp\/v2\/product_brand?post=2798"},{"taxonomy":"product_cat","embeddable":true,"href":"https:\/\/chat-board.dk\/da\/wp-json\/wp\/v2\/product_cat?post=2798"},{"taxonomy":"product_tag","embeddable":true,"href":"https:\/\/chat-board.dk\/da\/wp-json\/wp\/v2\/product_tag?post=2798"}],"curies":[{"name":"wp","href":"https:\/\/api.w.org\/{rel}","templated":true}]}}