{"id":2785,"date":"2020-10-14T15:41:03","date_gmt":"2020-10-14T13:41:03","guid":{"rendered":"http:\/\/clients.rubystudio.dk\/chatboard\/product\/elements-da\/"},"modified":"2026-03-23T10:37:16","modified_gmt":"2026-03-23T08:37:16","slug":"elements-da","status":"publish","type":"product","link":"https:\/\/chat-board.dk\/da\/elements-da\/","title":{"rendered":"ELEMENTS"},"content":{"rendered":"<h3 style=\"text-align: left;\" data-start=\"74\" data-end=\"98\">Magnetisk Glastavle<\/h3>\n<p style=\"text-align: left;\" data-start=\"100\" data-end=\"404\">CHAT BOARD\u00ae Elements tilbyder samme funktionalitet og h\u00f8je kvalitet som <a href=\"https:\/\/chat-board.dk\/da\/classic-da\/\">Classic<\/a> magnetisk glastavle, pr\u00e6senteret i et opdateret design med forenklede kanter og hj\u00f8rner. Den rene glasoverflade skaber en klar baggrund for visualisering og formidling af id\u00e9er i m\u00f8der, undervisning og samarbejdssituationer.<\/p>\n<p style=\"text-align: left;\" data-start=\"406\" data-end=\"520\">Elements kombinerer funktion med et pr\u00e6cist og nutidigt udtryk, der passer naturligt ind i professionelle milj\u00f8er.<\/p>\n<h3 style=\"text-align: left;\" data-start=\"527\" data-end=\"564\"><\/h3>\n<h3 style=\"text-align: left;\" data-start=\"527\" data-end=\"564\">Designet med Forenklet Pr\u00e6cision<\/h3>\n<p style=\"text-align: left;\" data-start=\"566\" data-end=\"789\">CHAT BOARD\u00ae Elements fremstilles i 4 mm h\u00e6rdet sikkerhedsglas i overensstemmelse med de h\u00f8jeste kvalitetsstandarder. Overfladen har glatte V-kanter og 90\u00b0 hj\u00f8rner, som giver et skarpere og mere minimalistisk visuelt udtryk.<\/p>\n<p style=\"text-align: left;\" data-start=\"791\" data-end=\"940\">Tavlen f\u00e5s i 5 standardfarver og 6 standardst\u00f8rrelser. Alle formater kan monteres b\u00e5de lodret og vandret, hvilket giver fleksibilitet i indretningen.<\/p>\n<p style=\"text-align: left;\" data-start=\"942\" data-end=\"1018\">Specialm\u00e5l, former samt standard RAL- og <a href=\"https:\/\/ncscolour.com\/en-eu\">NCS-farver<\/a> kan leveres efter \u00f8nske.<\/p>\n<h3 style=\"text-align: left;\" data-start=\"1025\" data-end=\"1052\"><\/h3>\n<h3 style=\"text-align: left;\" data-start=\"1025\" data-end=\"1052\">Storskala V\u00e6gl\u00f8sninger<\/h3>\n<p style=\"text-align: left;\" data-start=\"1054\" data-end=\"1311\">CHAT BOARD\u00ae Elements Surfacing g\u00f8r det muligt at omdanne st\u00f8rre v\u00e6gflader til sammenh\u00e6ngende kreative overflader. Kombin\u00e9r op til fem paneler i st\u00f8rrelsen 1000 \u00d7 2000 mm og skab skr\u00e6ddersyede v\u00e6gkompositioner, der matcher b\u00e5de rumlige og funktionelle behov.<\/p>\n<p style=\"text-align: left;\" data-start=\"1313\" data-end=\"1419\">L\u00f8sningen giver en storformat magnetisk glasoverflade, ideel til samarbejde og struktureret kommunikation.<\/p>\n<p>&nbsp;<\/p>\n<p style=\"text-align: left;\" data-start=\"1433\" data-end=\"1555\">\n","protected":false},"excerpt":{"rendered":"<p>CHAT BOARD\u00ae Elements forener det bedste inden for kvalitet og funktion i et forenklet design, der udg\u00f8r det perfekte udgangspunkt for visualisering og formidling i m\u00f8de-, undervisnings- og brainstorming sammenh\u00e6ng.<\/p>\n","protected":false},"featured_media":6512,"comment_status":"open","ping_status":"closed","template":"","meta":{"_acf_changed":false},"product_brand":[],"product_cat":[92],"product_tag":[],"class_list":{"0":"post-2785","1":"product","2":"type-product","3":"status-publish","4":"has-post-thumbnail","6":"product_cat-vaeg","8":"first","9":"instock","10":"shipping-taxable","11":"product-type-simple"},"acf":[],"yoast_head":"<!-- This site is optimized with the Yoast SEO plugin v25.3.1 - https:\/\/yoast.com\/wordpress\/plugins\/seo\/ -->\n<title>ELEMENTS - CHAT BOARD<\/title>\n<meta name=\"description\" content=\"Magnetisk glastavle fra CHAT BOARD\u00ae. Elements kombinerer 4 mm h\u00e6rdet glas, skarpe V-kanter og fleksibel montering til moderne arbejdsrum.\" \/>\n<meta name=\"robots\" content=\"index, follow, max-snippet:-1, max-image-preview:large, max-video-preview:-1\" \/>\n<link rel=\"canonical\" href=\"https:\/\/chat-board.dk\/da\/elements-da\/\" \/>\n<meta property=\"og:locale\" content=\"da_DK\" \/>\n<meta property=\"og:type\" content=\"article\" \/>\n<meta property=\"og:title\" content=\"ELEMENTS - CHAT BOARD\" \/>\n<meta property=\"og:description\" content=\"Magnetisk glastavle fra CHAT BOARD\u00ae. Elements kombinerer 4 mm h\u00e6rdet glas, skarpe V-kanter og fleksibel montering til moderne arbejdsrum.\" \/>\n<meta property=\"og:url\" content=\"https:\/\/chat-board.dk\/da\/elements-da\/\" \/>\n<meta property=\"og:site_name\" content=\"CHAT BOARD\" \/>\n<meta property=\"article:modified_time\" content=\"2026-03-23T08:37:16+00:00\" \/>\n<meta property=\"og:image\" content=\"https:\/\/chat-board.dk\/wp-content\/uploads\/2022\/01\/CHAT-BOARD-Elements-Pure-White-home-office-gallery-1.jpg\" \/>\n\t<meta property=\"og:image:width\" content=\"1777\" \/>\n\t<meta property=\"og:image:height\" content=\"2524\" \/>\n\t<meta property=\"og:image:type\" content=\"image\/jpeg\" \/>\n<meta name=\"twitter:card\" content=\"summary_large_image\" \/>\n<meta name=\"twitter:label1\" content=\"Est. reading time\" \/>\n\t<meta name=\"twitter:data1\" content=\"1 minute\" \/>\n<script type=\"application\/ld+json\" class=\"yoast-schema-graph\">{\"@context\":\"https:\/\/schema.org\",\"@graph\":[{\"@type\":\"WebPage\",\"@id\":\"https:\/\/chat-board.dk\/da\/elements-da\/\",\"url\":\"https:\/\/chat-board.dk\/da\/elements-da\/\",\"name\":\"ELEMENTS - CHAT BOARD\",\"isPartOf\":{\"@id\":\"https:\/\/chat-board.dk\/da\/#website\"},\"primaryImageOfPage\":{\"@id\":\"https:\/\/chat-board.dk\/da\/elements-da\/#primaryimage\"},\"image\":{\"@id\":\"https:\/\/chat-board.dk\/da\/elements-da\/#primaryimage\"},\"thumbnailUrl\":\"https:\/\/chat-board.dk\/wp-content\/uploads\/2022\/01\/CHAT-BOARD-Elements-Pure-White-home-office-gallery-1.jpg\",\"datePublished\":\"2020-10-14T13:41:03+00:00\",\"dateModified\":\"2026-03-23T08:37:16+00:00\",\"description\":\"Magnetisk glastavle fra CHAT BOARD\u00ae. Elements kombinerer 4 mm h\u00e6rdet glas, skarpe V-kanter og fleksibel montering til moderne arbejdsrum.\",\"breadcrumb\":{\"@id\":\"https:\/\/chat-board.dk\/da\/elements-da\/#breadcrumb\"},\"inLanguage\":\"da-DK\",\"potentialAction\":[{\"@type\":\"ReadAction\",\"target\":[\"https:\/\/chat-board.dk\/da\/elements-da\/\"]}]},{\"@type\":\"ImageObject\",\"inLanguage\":\"da-DK\",\"@id\":\"https:\/\/chat-board.dk\/da\/elements-da\/#primaryimage\",\"url\":\"https:\/\/chat-board.dk\/wp-content\/uploads\/2022\/01\/CHAT-BOARD-Elements-Pure-White-home-office-gallery-1.jpg\",\"contentUrl\":\"https:\/\/chat-board.dk\/wp-content\/uploads\/2022\/01\/CHAT-BOARD-Elements-Pure-White-home-office-gallery-1.jpg\",\"width\":1777,\"height\":2524,\"caption\":\"Magnetic Glass Whiteboard. Magnetisk Glastavle\"},{\"@type\":\"BreadcrumbList\",\"@id\":\"https:\/\/chat-board.dk\/da\/elements-da\/#breadcrumb\",\"itemListElement\":[{\"@type\":\"ListItem\",\"position\":1,\"name\":\"Home\",\"item\":\"https:\/\/chat-board.dk\/da\/\"},{\"@type\":\"ListItem\",\"position\":2,\"name\":\"Produkter\",\"item\":\"https:\/\/chat-board.dk\/da\/produkter\/\"},{\"@type\":\"ListItem\",\"position\":3,\"name\":\"ELEMENTS\"}]},{\"@type\":\"WebSite\",\"@id\":\"https:\/\/chat-board.dk\/da\/#website\",\"url\":\"https:\/\/chat-board.dk\/da\/\",\"name\":\"CHAT BOARD\",\"description\":\"\",\"potentialAction\":[{\"@type\":\"SearchAction\",\"target\":{\"@type\":\"EntryPoint\",\"urlTemplate\":\"https:\/\/chat-board.dk\/da\/?s={search_term_string}\"},\"query-input\":{\"@type\":\"PropertyValueSpecification\",\"valueRequired\":true,\"valueName\":\"search_term_string\"}}],\"inLanguage\":\"da-DK\"}]}<\/script>\n<!-- \/ Yoast SEO plugin. -->","yoast_head_json":{"title":"ELEMENTS - CHAT BOARD","description":"Magnetisk glastavle fra CHAT BOARD\u00ae. Elements kombinerer 4 mm h\u00e6rdet glas, skarpe V-kanter og fleksibel montering til moderne arbejdsrum.","robots":{"index":"index","follow":"follow","max-snippet":"max-snippet:-1","max-image-preview":"max-image-preview:large","max-video-preview":"max-video-preview:-1"},"canonical":"https:\/\/chat-board.dk\/da\/elements-da\/","og_locale":"da_DK","og_type":"article","og_title":"ELEMENTS - CHAT BOARD","og_description":"Magnetisk glastavle fra CHAT BOARD\u00ae. Elements kombinerer 4 mm h\u00e6rdet glas, skarpe V-kanter og fleksibel montering til moderne arbejdsrum.","og_url":"https:\/\/chat-board.dk\/da\/elements-da\/","og_site_name":"CHAT BOARD","article_modified_time":"2026-03-23T08:37:16+00:00","og_image":[{"width":1777,"height":2524,"url":"https:\/\/chat-board.dk\/wp-content\/uploads\/2022\/01\/CHAT-BOARD-Elements-Pure-White-home-office-gallery-1.jpg","type":"image\/jpeg"}],"twitter_card":"summary_large_image","twitter_misc":{"Est. reading time":"1 minute"},"schema":{"@context":"https:\/\/schema.org","@graph":[{"@type":"WebPage","@id":"https:\/\/chat-board.dk\/da\/elements-da\/","url":"https:\/\/chat-board.dk\/da\/elements-da\/","name":"ELEMENTS - CHAT BOARD","isPartOf":{"@id":"https:\/\/chat-board.dk\/da\/#website"},"primaryImageOfPage":{"@id":"https:\/\/chat-board.dk\/da\/elements-da\/#primaryimage"},"image":{"@id":"https:\/\/chat-board.dk\/da\/elements-da\/#primaryimage"},"thumbnailUrl":"https:\/\/chat-board.dk\/wp-content\/uploads\/2022\/01\/CHAT-BOARD-Elements-Pure-White-home-office-gallery-1.jpg","datePublished":"2020-10-14T13:41:03+00:00","dateModified":"2026-03-23T08:37:16+00:00","description":"Magnetisk glastavle fra CHAT BOARD\u00ae. Elements kombinerer 4 mm h\u00e6rdet glas, skarpe V-kanter og fleksibel montering til moderne arbejdsrum.","breadcrumb":{"@id":"https:\/\/chat-board.dk\/da\/elements-da\/#breadcrumb"},"inLanguage":"da-DK","potentialAction":[{"@type":"ReadAction","target":["https:\/\/chat-board.dk\/da\/elements-da\/"]}]},{"@type":"ImageObject","inLanguage":"da-DK","@id":"https:\/\/chat-board.dk\/da\/elements-da\/#primaryimage","url":"https:\/\/chat-board.dk\/wp-content\/uploads\/2022\/01\/CHAT-BOARD-Elements-Pure-White-home-office-gallery-1.jpg","contentUrl":"https:\/\/chat-board.dk\/wp-content\/uploads\/2022\/01\/CHAT-BOARD-Elements-Pure-White-home-office-gallery-1.jpg","width":1777,"height":2524,"caption":"Magnetic Glass Whiteboard. Magnetisk Glastavle"},{"@type":"BreadcrumbList","@id":"https:\/\/chat-board.dk\/da\/elements-da\/#breadcrumb","itemListElement":[{"@type":"ListItem","position":1,"name":"Home","item":"https:\/\/chat-board.dk\/da\/"},{"@type":"ListItem","position":2,"name":"Produkter","item":"https:\/\/chat-board.dk\/da\/produkter\/"},{"@type":"ListItem","position":3,"name":"ELEMENTS"}]},{"@type":"WebSite","@id":"https:\/\/chat-board.dk\/da\/#website","url":"https:\/\/chat-board.dk\/da\/","name":"CHAT BOARD","description":"","potentialAction":[{"@type":"SearchAction","target":{"@type":"EntryPoint","urlTemplate":"https:\/\/chat-board.dk\/da\/?s={search_term_string}"},"query-input":{"@type":"PropertyValueSpecification","valueRequired":true,"valueName":"search_term_string"}}],"inLanguage":"da-DK"}]}},"_links":{"self":[{"href":"https:\/\/chat-board.dk\/da\/wp-json\/wp\/v2\/product\/2785","targetHints":{"allow":["GET"]}}],"collection":[{"href":"https:\/\/chat-board.dk\/da\/wp-json\/wp\/v2\/product"}],"about":[{"href":"https:\/\/chat-board.dk\/da\/wp-json\/wp\/v2\/types\/product"}],"replies":[{"embeddable":true,"href":"https:\/\/chat-board.dk\/da\/wp-json\/wp\/v2\/comments?post=2785"}],"wp:featuredmedia":[{"embeddable":true,"href":"https:\/\/chat-board.dk\/da\/wp-json\/wp\/v2\/media\/6512"}],"wp:attachment":[{"href":"https:\/\/chat-board.dk\/da\/wp-json\/wp\/v2\/media?parent=2785"}],"wp:term":[{"taxonomy":"product_brand","embeddable":true,"href":"https:\/\/chat-board.dk\/da\/wp-json\/wp\/v2\/product_brand?post=2785"},{"taxonomy":"product_cat","embeddable":true,"href":"https:\/\/chat-board.dk\/da\/wp-json\/wp\/v2\/product_cat?post=2785"},{"taxonomy":"product_tag","embeddable":true,"href":"https:\/\/chat-board.dk\/da\/wp-json\/wp\/v2\/product_tag?post=2785"}],"curies":[{"name":"wp","href":"https:\/\/api.w.org\/{rel}","templated":true}]}}