{"id":2783,"date":"2020-10-14T15:39:50","date_gmt":"2020-10-14T13:39:50","guid":{"rendered":"http:\/\/clients.rubystudio.dk\/chatboard\/product\/matt-da\/"},"modified":"2026-03-23T10:36:12","modified_gmt":"2026-03-23T08:36:12","slug":"matt-da","status":"publish","type":"product","link":"https:\/\/chat-board.dk\/da\/matt-da\/","title":{"rendered":"MATT"},"content":{"rendered":"<h3 style=\"text-align: left;\" data-start=\"93\" data-end=\"113\">Matt Whiteboard<\/h3>\n<p style=\"text-align: left;\" data-start=\"115\" data-end=\"330\">CHAT BOARD\u00ae Matt er ligesom den blanke <a href=\"https:\/\/chat-board.dk\/da\/classic-da\/\">Classic<\/a>, udviklet til at illustrere, dele og formidle id\u00e9er med klarhed. Tavlen underst\u00f8tter kreativ t\u00e6nkning og praktisk information i kontorer, m\u00f8delokaler og private rum.<\/p>\n<p style=\"text-align: left;\" data-start=\"332\" data-end=\"604\">Det, der adskiller dette matt whiteboard, er den elegante, silkematte glasoverflade. Den reducerer refleksion og genskin og sikrer behagelig synlighed i alle lysforhold. Samtidig er overfladen let at reng\u00f8re og vedligeholde, s\u00e5 b\u00e5de udtryk og funktion bevares i mange \u00e5r.<\/p>\n<h2 style=\"text-align: left;\" data-start=\"611\" data-end=\"648\"><\/h2>\n<h3 style=\"text-align: left;\" data-start=\"611\" data-end=\"648\">Designet til Fleksibel Montering<\/h3>\n<p style=\"text-align: left;\" data-start=\"650\" data-end=\"854\">CHAT BOARD\u00ae Matt fremstilles i 4 mm h\u00e6rdet sikkerhedsglas i overensstemmelse med de h\u00f8jeste kvalitetsstandarder. Overfladen har glatte C-kanter og 4 mm radius hj\u00f8rner, som giver et rent og pr\u00e6cist udtryk.<\/p>\n<p style=\"text-align: left;\" data-start=\"856\" data-end=\"988\">Tavlen kan monteres b\u00e5de lodret og vandret og skifte retning efter behov. Den f\u00e5s i 11 standardst\u00f8rrelser og 25 standard glasfarver.<\/p>\n<p style=\"text-align: left;\" data-start=\"990\" data-end=\"1066\">Specialm\u00e5l, former samt standard RAL- og <a href=\"https:\/\/ncscolour.com\/en-eu\">NCS-farver<\/a> kan leveres efter \u00f8nske<\/p>\n","protected":false},"excerpt":{"rendered":"<p>CHAT BOARD\u00ae Matt er det fl\u00f8jlsmatte modstykke til vores Classic tavle og det ideelle redskab til at visualisere og kommunikere med minimal spejling eller genskin.<\/p>\n","protected":false},"featured_media":8515,"comment_status":"closed","ping_status":"closed","template":"","meta":{"_acf_changed":false},"product_brand":[],"product_cat":[92],"product_tag":[526],"class_list":{"0":"post-2783","1":"product","2":"type-product","3":"status-publish","4":"has-post-thumbnail","6":"product_cat-vaeg","7":"product_tag-whiteboard-da","9":"first","10":"instock","11":"shipping-taxable","12":"product-type-simple"},"acf":[],"yoast_head":"<!-- This site is optimized with the Yoast SEO plugin v25.3.1 - https:\/\/yoast.com\/wordpress\/plugins\/seo\/ -->\n<title>MATT - CHAT BOARD<\/title>\n<meta name=\"description\" content=\"Matt whiteboard fra CHAT BOARD\u00ae. Magnetisk glastavle med lav refleksion og silkemat overflade til de kreative kontorer og m\u00f8derum.\" \/>\n<meta name=\"robots\" content=\"index, follow, max-snippet:-1, max-image-preview:large, max-video-preview:-1\" \/>\n<link rel=\"canonical\" href=\"https:\/\/chat-board.dk\/da\/matt-da\/\" \/>\n<meta property=\"og:locale\" content=\"da_DK\" \/>\n<meta property=\"og:type\" content=\"article\" \/>\n<meta property=\"og:title\" content=\"MATT - CHAT BOARD\" \/>\n<meta property=\"og:description\" content=\"Matt whiteboard fra CHAT BOARD\u00ae. Magnetisk glastavle med lav refleksion og silkemat overflade til de kreative kontorer og m\u00f8derum.\" \/>\n<meta property=\"og:url\" content=\"https:\/\/chat-board.dk\/da\/matt-da\/\" \/>\n<meta property=\"og:site_name\" content=\"CHAT BOARD\" \/>\n<meta property=\"article:modified_time\" content=\"2026-03-23T08:36:12+00:00\" \/>\n<meta property=\"og:image\" content=\"https:\/\/chat-board.dk\/wp-content\/uploads\/2020\/10\/CHAT-BOARD-Matt-Surfaces-Black-interior-2023-gallery.jpg\" \/>\n\t<meta property=\"og:image:width\" content=\"1459\" \/>\n\t<meta property=\"og:image:height\" content=\"2188\" \/>\n\t<meta property=\"og:image:type\" content=\"image\/jpeg\" \/>\n<meta name=\"twitter:card\" content=\"summary_large_image\" \/>\n<meta name=\"twitter:label1\" content=\"Est. reading time\" \/>\n\t<meta name=\"twitter:data1\" content=\"1 minute\" \/>\n<script type=\"application\/ld+json\" class=\"yoast-schema-graph\">{\"@context\":\"https:\/\/schema.org\",\"@graph\":[{\"@type\":\"WebPage\",\"@id\":\"https:\/\/chat-board.dk\/da\/matt-da\/\",\"url\":\"https:\/\/chat-board.dk\/da\/matt-da\/\",\"name\":\"MATT - CHAT BOARD\",\"isPartOf\":{\"@id\":\"https:\/\/chat-board.dk\/da\/#website\"},\"primaryImageOfPage\":{\"@id\":\"https:\/\/chat-board.dk\/da\/matt-da\/#primaryimage\"},\"image\":{\"@id\":\"https:\/\/chat-board.dk\/da\/matt-da\/#primaryimage\"},\"thumbnailUrl\":\"https:\/\/chat-board.dk\/wp-content\/uploads\/2020\/10\/CHAT-BOARD-Matt-Surfaces-Black-interior-2023-gallery.jpg\",\"datePublished\":\"2020-10-14T13:39:50+00:00\",\"dateModified\":\"2026-03-23T08:36:12+00:00\",\"description\":\"Matt whiteboard fra CHAT BOARD\u00ae. Magnetisk glastavle med lav refleksion og silkemat overflade til de kreative kontorer og m\u00f8derum.\",\"breadcrumb\":{\"@id\":\"https:\/\/chat-board.dk\/da\/matt-da\/#breadcrumb\"},\"inLanguage\":\"da-DK\",\"potentialAction\":[{\"@type\":\"ReadAction\",\"target\":[\"https:\/\/chat-board.dk\/da\/matt-da\/\"]}]},{\"@type\":\"ImageObject\",\"inLanguage\":\"da-DK\",\"@id\":\"https:\/\/chat-board.dk\/da\/matt-da\/#primaryimage\",\"url\":\"https:\/\/chat-board.dk\/wp-content\/uploads\/2020\/10\/CHAT-BOARD-Matt-Surfaces-Black-interior-2023-gallery.jpg\",\"contentUrl\":\"https:\/\/chat-board.dk\/wp-content\/uploads\/2020\/10\/CHAT-BOARD-Matt-Surfaces-Black-interior-2023-gallery.jpg\",\"width\":1459,\"height\":2188,\"caption\":\"Matt whiteboard\"},{\"@type\":\"BreadcrumbList\",\"@id\":\"https:\/\/chat-board.dk\/da\/matt-da\/#breadcrumb\",\"itemListElement\":[{\"@type\":\"ListItem\",\"position\":1,\"name\":\"Home\",\"item\":\"https:\/\/chat-board.dk\/da\/\"},{\"@type\":\"ListItem\",\"position\":2,\"name\":\"Produkter\",\"item\":\"https:\/\/chat-board.dk\/da\/produkter\/\"},{\"@type\":\"ListItem\",\"position\":3,\"name\":\"MATT\"}]},{\"@type\":\"WebSite\",\"@id\":\"https:\/\/chat-board.dk\/da\/#website\",\"url\":\"https:\/\/chat-board.dk\/da\/\",\"name\":\"CHAT BOARD\",\"description\":\"\",\"potentialAction\":[{\"@type\":\"SearchAction\",\"target\":{\"@type\":\"EntryPoint\",\"urlTemplate\":\"https:\/\/chat-board.dk\/da\/?s={search_term_string}\"},\"query-input\":{\"@type\":\"PropertyValueSpecification\",\"valueRequired\":true,\"valueName\":\"search_term_string\"}}],\"inLanguage\":\"da-DK\"}]}<\/script>\n<!-- \/ Yoast SEO plugin. -->","yoast_head_json":{"title":"MATT - CHAT BOARD","description":"Matt whiteboard fra CHAT BOARD\u00ae. Magnetisk glastavle med lav refleksion og silkemat overflade til de kreative kontorer og m\u00f8derum.","robots":{"index":"index","follow":"follow","max-snippet":"max-snippet:-1","max-image-preview":"max-image-preview:large","max-video-preview":"max-video-preview:-1"},"canonical":"https:\/\/chat-board.dk\/da\/matt-da\/","og_locale":"da_DK","og_type":"article","og_title":"MATT - CHAT BOARD","og_description":"Matt whiteboard fra CHAT BOARD\u00ae. Magnetisk glastavle med lav refleksion og silkemat overflade til de kreative kontorer og m\u00f8derum.","og_url":"https:\/\/chat-board.dk\/da\/matt-da\/","og_site_name":"CHAT BOARD","article_modified_time":"2026-03-23T08:36:12+00:00","og_image":[{"width":1459,"height":2188,"url":"https:\/\/chat-board.dk\/wp-content\/uploads\/2020\/10\/CHAT-BOARD-Matt-Surfaces-Black-interior-2023-gallery.jpg","type":"image\/jpeg"}],"twitter_card":"summary_large_image","twitter_misc":{"Est. reading time":"1 minute"},"schema":{"@context":"https:\/\/schema.org","@graph":[{"@type":"WebPage","@id":"https:\/\/chat-board.dk\/da\/matt-da\/","url":"https:\/\/chat-board.dk\/da\/matt-da\/","name":"MATT - CHAT BOARD","isPartOf":{"@id":"https:\/\/chat-board.dk\/da\/#website"},"primaryImageOfPage":{"@id":"https:\/\/chat-board.dk\/da\/matt-da\/#primaryimage"},"image":{"@id":"https:\/\/chat-board.dk\/da\/matt-da\/#primaryimage"},"thumbnailUrl":"https:\/\/chat-board.dk\/wp-content\/uploads\/2020\/10\/CHAT-BOARD-Matt-Surfaces-Black-interior-2023-gallery.jpg","datePublished":"2020-10-14T13:39:50+00:00","dateModified":"2026-03-23T08:36:12+00:00","description":"Matt whiteboard fra CHAT BOARD\u00ae. Magnetisk glastavle med lav refleksion og silkemat overflade til de kreative kontorer og m\u00f8derum.","breadcrumb":{"@id":"https:\/\/chat-board.dk\/da\/matt-da\/#breadcrumb"},"inLanguage":"da-DK","potentialAction":[{"@type":"ReadAction","target":["https:\/\/chat-board.dk\/da\/matt-da\/"]}]},{"@type":"ImageObject","inLanguage":"da-DK","@id":"https:\/\/chat-board.dk\/da\/matt-da\/#primaryimage","url":"https:\/\/chat-board.dk\/wp-content\/uploads\/2020\/10\/CHAT-BOARD-Matt-Surfaces-Black-interior-2023-gallery.jpg","contentUrl":"https:\/\/chat-board.dk\/wp-content\/uploads\/2020\/10\/CHAT-BOARD-Matt-Surfaces-Black-interior-2023-gallery.jpg","width":1459,"height":2188,"caption":"Matt whiteboard"},{"@type":"BreadcrumbList","@id":"https:\/\/chat-board.dk\/da\/matt-da\/#breadcrumb","itemListElement":[{"@type":"ListItem","position":1,"name":"Home","item":"https:\/\/chat-board.dk\/da\/"},{"@type":"ListItem","position":2,"name":"Produkter","item":"https:\/\/chat-board.dk\/da\/produkter\/"},{"@type":"ListItem","position":3,"name":"MATT"}]},{"@type":"WebSite","@id":"https:\/\/chat-board.dk\/da\/#website","url":"https:\/\/chat-board.dk\/da\/","name":"CHAT BOARD","description":"","potentialAction":[{"@type":"SearchAction","target":{"@type":"EntryPoint","urlTemplate":"https:\/\/chat-board.dk\/da\/?s={search_term_string}"},"query-input":{"@type":"PropertyValueSpecification","valueRequired":true,"valueName":"search_term_string"}}],"inLanguage":"da-DK"}]}},"_links":{"self":[{"href":"https:\/\/chat-board.dk\/da\/wp-json\/wp\/v2\/product\/2783","targetHints":{"allow":["GET"]}}],"collection":[{"href":"https:\/\/chat-board.dk\/da\/wp-json\/wp\/v2\/product"}],"about":[{"href":"https:\/\/chat-board.dk\/da\/wp-json\/wp\/v2\/types\/product"}],"replies":[{"embeddable":true,"href":"https:\/\/chat-board.dk\/da\/wp-json\/wp\/v2\/comments?post=2783"}],"wp:featuredmedia":[{"embeddable":true,"href":"https:\/\/chat-board.dk\/da\/wp-json\/wp\/v2\/media\/8515"}],"wp:attachment":[{"href":"https:\/\/chat-board.dk\/da\/wp-json\/wp\/v2\/media?parent=2783"}],"wp:term":[{"taxonomy":"product_brand","embeddable":true,"href":"https:\/\/chat-board.dk\/da\/wp-json\/wp\/v2\/product_brand?post=2783"},{"taxonomy":"product_cat","embeddable":true,"href":"https:\/\/chat-board.dk\/da\/wp-json\/wp\/v2\/product_cat?post=2783"},{"taxonomy":"product_tag","embeddable":true,"href":"https:\/\/chat-board.dk\/da\/wp-json\/wp\/v2\/product_tag?post=2783"}],"curies":[{"name":"wp","href":"https:\/\/api.w.org\/{rel}","templated":true}]}}