{"id":1212,"date":"2020-10-12T07:24:08","date_gmt":"2020-10-12T05:24:08","guid":{"rendered":"http:\/\/clients.rubystudio.dk\/chatboard\/product\/classic\/"},"modified":"2026-03-23T10:34:10","modified_gmt":"2026-03-23T08:34:10","slug":"classic-da","status":"publish","type":"product","link":"https:\/\/chat-board.dk\/da\/classic-da\/","title":{"rendered":"CLASSIC"},"content":{"rendered":"<h3 style=\"text-align: left;\" data-start=\"109\" data-end=\"138\">Den Originale Whiteboard<\/h3>\n<p style=\"text-align: left;\" data-start=\"140\" data-end=\"364\"><a href=\"https:\/\/chat-board.dk\/products\/\">CHAT BOARD\u00ae<\/a> Classic inspirerer og underst\u00f8tter kreativ dialog. Udviklet til at generere, visualisere og strukturere id\u00e9er giver denne magnetiske glastavle en gennemt\u00e6nkt l\u00f8sning til kontorer, m\u00f8delokaler og breakout-omr\u00e5der.<\/p>\n<p style=\"text-align: left;\" data-start=\"366\" data-end=\"610\">Designet er rent og pr\u00e6cist. Hver detalje har en funktion. Intet er overfl\u00f8digt. Den glatte magnetiske glasoverflade sikrer en klar og behagelig skriveoplevelse og g\u00f8r Classic til et holdbart og moderne alternativ til traditionelle whiteboards.<\/p>\n<h3 style=\"text-align: left;\" data-start=\"617\" data-end=\"657\"><\/h3>\n<h3 style=\"text-align: left;\" data-start=\"617\" data-end=\"657\">Designet til Professionelle Milj\u00f8er<\/h3>\n<p style=\"text-align: left;\" data-start=\"659\" data-end=\"885\">Classic fungerer b\u00e5de som samarbejdsv\u00e6rkt\u00f8j og arkitektonisk element. Den magnetiske skriveflade arbejder problemfrit sammen med whiteboard tusser og magneter, s\u00e5 id\u00e9er, skitser og dokumenter forbliver synlige og organiserede.<\/p>\n<p style=\"text-align: left;\" data-start=\"887\" data-end=\"1096\">Tavlen kan monteres b\u00e5de lodret og vandret og let skifte retning efter behov. Med 13 standardst\u00f8rrelser og 25 standardfarver i glas tilpasses Classic b\u00e5de st\u00f8rre f\u00e6llesrum og mindre, fokuserede arbejdsomr\u00e5der.<\/p>\n<h3 style=\"text-align: left;\" data-start=\"1103\" data-end=\"1138\"><\/h3>\n<h3 style=\"text-align: left;\" data-start=\"1103\" data-end=\"1138\">Materialer og Teknisk Kvalitet<\/h3>\n<p style=\"text-align: left;\" data-start=\"1140\" data-end=\"1350\">CHAT BOARD\u00ae Classic fremstilles i 4 mm h\u00e6rdet sikkerhedsglas i overensstemmelse med de h\u00f8jeste kvalitetsstandarder. Overfladen har glatte C-kanter og 4 mm radius hj\u00f8rner, som giver et pr\u00e6cist og elegant udtryk.<\/p>\n<p style=\"text-align: left;\" data-start=\"1352\" data-end=\"1476\">Glaset modst\u00e5r misfarvning og er let at reng\u00f8re, hvilket sikrer lang levetid og stabil performance i professionelle milj\u00f8er.<\/p>\n<p style=\"text-align: left;\" data-start=\"1478\" data-end=\"1554\">Specialm\u00e5l, former samt standard RAL- og <a href=\"https:\/\/ncscolour.com\/en-eu\">NCS-farver<\/a> kan leveres efter \u00f8nske.<\/p>\n<h2 style=\"text-align: left;\" data-start=\"1561\" data-end=\"1588\"><\/h2>\n<h3 style=\"text-align: left;\" data-start=\"1561\" data-end=\"1588\">Storskala V\u00e6gl\u00f8sninger<\/h3>\n<p style=\"text-align: left;\" data-start=\"1590\" data-end=\"1824\">Med CHAT BOARD\u00ae Classic Surfacing kan st\u00f8rre v\u00e6gflader omdannes til sammenh\u00e6ngende, kreative overflader. Kombin\u00e9r op til fem paneler i st\u00f8rrelsen 1000 \u00d7 2000 mm og skab skr\u00e6ddersyede v\u00e6gkompositioner, der matcher b\u00e5de rum og funktion.<\/p>\n<p style=\"text-align: left;\" data-start=\"1826\" data-end=\"1913\">L\u00f8sningen giver en storformat magnetisk glastavle, ideel til samarbejde og videndeling.<\/p>\n","protected":false},"excerpt":{"rendered":"<p class=\"p1\">CHAT BOARD<span class=\"s1\"><sup>\u00ae<\/sup><\/span> Classic er vores klassisk magnetiske glastavle, der styrker den kreative dialog og inspirerer til vidensdeling og tankeudveksling mellem mennesker.<\/p>\n","protected":false},"featured_media":6845,"comment_status":"closed","ping_status":"closed","template":"","meta":{"_acf_changed":false},"product_brand":[],"product_cat":[92],"product_tag":[526],"class_list":{"0":"post-1212","1":"product","2":"type-product","3":"status-publish","4":"has-post-thumbnail","6":"product_cat-vaeg","7":"product_tag-whiteboard-da","9":"first","10":"instock","11":"shipping-taxable","12":"product-type-simple"},"acf":[],"yoast_head":"<!-- This site is optimized with the Yoast SEO plugin v25.3.1 - https:\/\/yoast.com\/wordpress\/plugins\/seo\/ -->\n<title>CLASSIC - CHAT BOARD<\/title>\n<meta name=\"description\" content=\"Whiteboard fra CHAT BOARD\u00ae. Classic kombinerer h\u00e6rdet sikkerhedsglas, st\u00e6rk magnetfunktion og skandinavisk design til moderne arbejdsrum.\" \/>\n<meta name=\"robots\" content=\"index, follow, max-snippet:-1, max-image-preview:large, max-video-preview:-1\" \/>\n<link rel=\"canonical\" href=\"https:\/\/chat-board.dk\/da\/classic-da\/\" \/>\n<meta property=\"og:locale\" content=\"da_DK\" \/>\n<meta property=\"og:type\" content=\"article\" \/>\n<meta property=\"og:title\" content=\"CLASSIC - CHAT BOARD\" \/>\n<meta property=\"og:description\" content=\"Whiteboard fra CHAT BOARD\u00ae. Classic kombinerer h\u00e6rdet sikkerhedsglas, st\u00e6rk magnetfunktion og skandinavisk design til moderne arbejdsrum.\" \/>\n<meta property=\"og:url\" content=\"https:\/\/chat-board.dk\/da\/classic-da\/\" \/>\n<meta property=\"og:site_name\" content=\"CHAT BOARD\" \/>\n<meta property=\"article:modified_time\" content=\"2026-03-23T08:34:10+00:00\" \/>\n<meta property=\"og:image\" content=\"https:\/\/chat-board.dk\/wp-content\/uploads\/2020\/10\/CHAT-BOARD-Classic-Matt-Sand-home-office-gallery-1-scaled.jpg\" \/>\n\t<meta property=\"og:image:width\" content=\"1706\" \/>\n\t<meta property=\"og:image:height\" content=\"2560\" \/>\n\t<meta property=\"og:image:type\" content=\"image\/jpeg\" \/>\n<meta name=\"twitter:card\" content=\"summary_large_image\" \/>\n<meta name=\"twitter:label1\" content=\"Est. reading time\" \/>\n\t<meta name=\"twitter:data1\" content=\"2 minutes\" \/>\n<script type=\"application\/ld+json\" class=\"yoast-schema-graph\">{\"@context\":\"https:\/\/schema.org\",\"@graph\":[{\"@type\":\"WebPage\",\"@id\":\"https:\/\/chat-board.dk\/da\/classic-da\/\",\"url\":\"https:\/\/chat-board.dk\/da\/classic-da\/\",\"name\":\"CLASSIC - CHAT BOARD\",\"isPartOf\":{\"@id\":\"https:\/\/chat-board.dk\/da\/#website\"},\"primaryImageOfPage\":{\"@id\":\"https:\/\/chat-board.dk\/da\/classic-da\/#primaryimage\"},\"image\":{\"@id\":\"https:\/\/chat-board.dk\/da\/classic-da\/#primaryimage\"},\"thumbnailUrl\":\"https:\/\/chat-board.dk\/wp-content\/uploads\/2020\/10\/CHAT-BOARD-Classic-Matt-Sand-home-office-gallery-1-scaled.jpg\",\"datePublished\":\"2020-10-12T05:24:08+00:00\",\"dateModified\":\"2026-03-23T08:34:10+00:00\",\"description\":\"Whiteboard fra CHAT BOARD\u00ae. Classic kombinerer h\u00e6rdet sikkerhedsglas, st\u00e6rk magnetfunktion og skandinavisk design til moderne arbejdsrum.\",\"breadcrumb\":{\"@id\":\"https:\/\/chat-board.dk\/da\/classic-da\/#breadcrumb\"},\"inLanguage\":\"da-DK\",\"potentialAction\":[{\"@type\":\"ReadAction\",\"target\":[\"https:\/\/chat-board.dk\/da\/classic-da\/\"]}]},{\"@type\":\"ImageObject\",\"inLanguage\":\"da-DK\",\"@id\":\"https:\/\/chat-board.dk\/da\/classic-da\/#primaryimage\",\"url\":\"https:\/\/chat-board.dk\/wp-content\/uploads\/2020\/10\/CHAT-BOARD-Classic-Matt-Sand-home-office-gallery-1-scaled.jpg\",\"contentUrl\":\"https:\/\/chat-board.dk\/wp-content\/uploads\/2020\/10\/CHAT-BOARD-Classic-Matt-Sand-home-office-gallery-1-scaled.jpg\",\"width\":1706,\"height\":2560,\"caption\":\"magnetic glass whiteboard\"},{\"@type\":\"BreadcrumbList\",\"@id\":\"https:\/\/chat-board.dk\/da\/classic-da\/#breadcrumb\",\"itemListElement\":[{\"@type\":\"ListItem\",\"position\":1,\"name\":\"Home\",\"item\":\"https:\/\/chat-board.dk\/da\/\"},{\"@type\":\"ListItem\",\"position\":2,\"name\":\"Produkter\",\"item\":\"https:\/\/chat-board.dk\/da\/produkter\/\"},{\"@type\":\"ListItem\",\"position\":3,\"name\":\"CLASSIC\"}]},{\"@type\":\"WebSite\",\"@id\":\"https:\/\/chat-board.dk\/da\/#website\",\"url\":\"https:\/\/chat-board.dk\/da\/\",\"name\":\"CHAT BOARD\",\"description\":\"\",\"potentialAction\":[{\"@type\":\"SearchAction\",\"target\":{\"@type\":\"EntryPoint\",\"urlTemplate\":\"https:\/\/chat-board.dk\/da\/?s={search_term_string}\"},\"query-input\":{\"@type\":\"PropertyValueSpecification\",\"valueRequired\":true,\"valueName\":\"search_term_string\"}}],\"inLanguage\":\"da-DK\"}]}<\/script>\n<!-- \/ Yoast SEO plugin. -->","yoast_head_json":{"title":"CLASSIC - CHAT BOARD","description":"Whiteboard fra CHAT BOARD\u00ae. Classic kombinerer h\u00e6rdet sikkerhedsglas, st\u00e6rk magnetfunktion og skandinavisk design til moderne arbejdsrum.","robots":{"index":"index","follow":"follow","max-snippet":"max-snippet:-1","max-image-preview":"max-image-preview:large","max-video-preview":"max-video-preview:-1"},"canonical":"https:\/\/chat-board.dk\/da\/classic-da\/","og_locale":"da_DK","og_type":"article","og_title":"CLASSIC - CHAT BOARD","og_description":"Whiteboard fra CHAT BOARD\u00ae. Classic kombinerer h\u00e6rdet sikkerhedsglas, st\u00e6rk magnetfunktion og skandinavisk design til moderne arbejdsrum.","og_url":"https:\/\/chat-board.dk\/da\/classic-da\/","og_site_name":"CHAT BOARD","article_modified_time":"2026-03-23T08:34:10+00:00","og_image":[{"width":1706,"height":2560,"url":"https:\/\/chat-board.dk\/wp-content\/uploads\/2020\/10\/CHAT-BOARD-Classic-Matt-Sand-home-office-gallery-1-scaled.jpg","type":"image\/jpeg"}],"twitter_card":"summary_large_image","twitter_misc":{"Est. reading time":"2 minutes"},"schema":{"@context":"https:\/\/schema.org","@graph":[{"@type":"WebPage","@id":"https:\/\/chat-board.dk\/da\/classic-da\/","url":"https:\/\/chat-board.dk\/da\/classic-da\/","name":"CLASSIC - CHAT BOARD","isPartOf":{"@id":"https:\/\/chat-board.dk\/da\/#website"},"primaryImageOfPage":{"@id":"https:\/\/chat-board.dk\/da\/classic-da\/#primaryimage"},"image":{"@id":"https:\/\/chat-board.dk\/da\/classic-da\/#primaryimage"},"thumbnailUrl":"https:\/\/chat-board.dk\/wp-content\/uploads\/2020\/10\/CHAT-BOARD-Classic-Matt-Sand-home-office-gallery-1-scaled.jpg","datePublished":"2020-10-12T05:24:08+00:00","dateModified":"2026-03-23T08:34:10+00:00","description":"Whiteboard fra CHAT BOARD\u00ae. Classic kombinerer h\u00e6rdet sikkerhedsglas, st\u00e6rk magnetfunktion og skandinavisk design til moderne arbejdsrum.","breadcrumb":{"@id":"https:\/\/chat-board.dk\/da\/classic-da\/#breadcrumb"},"inLanguage":"da-DK","potentialAction":[{"@type":"ReadAction","target":["https:\/\/chat-board.dk\/da\/classic-da\/"]}]},{"@type":"ImageObject","inLanguage":"da-DK","@id":"https:\/\/chat-board.dk\/da\/classic-da\/#primaryimage","url":"https:\/\/chat-board.dk\/wp-content\/uploads\/2020\/10\/CHAT-BOARD-Classic-Matt-Sand-home-office-gallery-1-scaled.jpg","contentUrl":"https:\/\/chat-board.dk\/wp-content\/uploads\/2020\/10\/CHAT-BOARD-Classic-Matt-Sand-home-office-gallery-1-scaled.jpg","width":1706,"height":2560,"caption":"magnetic glass whiteboard"},{"@type":"BreadcrumbList","@id":"https:\/\/chat-board.dk\/da\/classic-da\/#breadcrumb","itemListElement":[{"@type":"ListItem","position":1,"name":"Home","item":"https:\/\/chat-board.dk\/da\/"},{"@type":"ListItem","position":2,"name":"Produkter","item":"https:\/\/chat-board.dk\/da\/produkter\/"},{"@type":"ListItem","position":3,"name":"CLASSIC"}]},{"@type":"WebSite","@id":"https:\/\/chat-board.dk\/da\/#website","url":"https:\/\/chat-board.dk\/da\/","name":"CHAT BOARD","description":"","potentialAction":[{"@type":"SearchAction","target":{"@type":"EntryPoint","urlTemplate":"https:\/\/chat-board.dk\/da\/?s={search_term_string}"},"query-input":{"@type":"PropertyValueSpecification","valueRequired":true,"valueName":"search_term_string"}}],"inLanguage":"da-DK"}]}},"_links":{"self":[{"href":"https:\/\/chat-board.dk\/da\/wp-json\/wp\/v2\/product\/1212","targetHints":{"allow":["GET"]}}],"collection":[{"href":"https:\/\/chat-board.dk\/da\/wp-json\/wp\/v2\/product"}],"about":[{"href":"https:\/\/chat-board.dk\/da\/wp-json\/wp\/v2\/types\/product"}],"replies":[{"embeddable":true,"href":"https:\/\/chat-board.dk\/da\/wp-json\/wp\/v2\/comments?post=1212"}],"wp:featuredmedia":[{"embeddable":true,"href":"https:\/\/chat-board.dk\/da\/wp-json\/wp\/v2\/media\/6845"}],"wp:attachment":[{"href":"https:\/\/chat-board.dk\/da\/wp-json\/wp\/v2\/media?parent=1212"}],"wp:term":[{"taxonomy":"product_brand","embeddable":true,"href":"https:\/\/chat-board.dk\/da\/wp-json\/wp\/v2\/product_brand?post=1212"},{"taxonomy":"product_cat","embeddable":true,"href":"https:\/\/chat-board.dk\/da\/wp-json\/wp\/v2\/product_cat?post=1212"},{"taxonomy":"product_tag","embeddable":true,"href":"https:\/\/chat-board.dk\/da\/wp-json\/wp\/v2\/product_tag?post=1212"}],"curies":[{"name":"wp","href":"https:\/\/api.w.org\/{rel}","templated":true}]}}