{"id":1191,"date":"2020-11-16T11:53:25","date_gmt":"2020-11-16T09:53:25","guid":{"rendered":"http:\/\/clients.rubystudio.dk\/chatboard\/product\/skraeddersyet\/"},"modified":"2026-02-09T15:36:57","modified_gmt":"2026-02-09T13:36:57","slug":"skraeddersyet","status":"publish","type":"product","link":"https:\/\/chat-board.dk\/da\/skraeddersyet\/","title":{"rendered":"SKR\u00c6DDERSYET"},"content":{"rendered":"<h3 style=\"text-align: left;\" data-start=\"140\" data-end=\"172\">Designet ud fra dine behov<\/h3>\n<p style=\"text-align: left;\" data-start=\"174\" data-end=\"349\">\u201cOne size fits all\u201d fungerer sj\u00e6ldent \u2013 hverken i livet eller p\u00e5 arbejdet. N\u00e5r l\u00f8sninger tilpasses dine behov og rutiner, l\u00f8fter det resultatet fra funktionelt til gennemf\u00f8rt.<\/p>\n<p style=\"text-align: left;\" data-start=\"351\" data-end=\"552\">CHAT BOARD\u00ae Custom Solutions tilbyder custom whiteboard l\u00f8sninger, der giver dig frihed til at forme og personligg\u00f8re din <a href=\"https:\/\/chat-board.dk\/products\/\">tavle<\/a>, s\u00e5 den passer til din vision, dit rum og din m\u00e5de at arbejde p\u00e5.<\/p>\n<h3 style=\"text-align: left;\" data-start=\"559\" data-end=\"595\"><\/h3>\n<h3 style=\"text-align: left;\" data-start=\"559\" data-end=\"595\">Tilpasset hvert enkelt projekt<\/h3>\n<p style=\"text-align: left;\" data-start=\"597\" data-end=\"823\">Vi arbejder med tydeligt fokus p\u00e5 den enkelte bruger og det konkrete designprojekt. V\u00e6lg mellem en bred vifte af tilpasningsmuligheder, og skab custom whiteboard l\u00f8sninger, der er skr\u00e6ddersyet og matcher dine krav pr\u00e6cist.<\/p>\n<p style=\"text-align: left;\" data-start=\"825\" data-end=\"896\">Alle detaljer kan justeres for at underst\u00f8tte b\u00e5de funktion og \u00e6stetik.<\/p>\n<h3 style=\"text-align: left;\" data-start=\"903\" data-end=\"938\"><\/h3>\n<h3 style=\"text-align: left;\" data-start=\"903\" data-end=\"938\">R\u00e5dgivning fra start til slut<\/h3>\n<p style=\"text-align: left;\" data-start=\"940\" data-end=\"1107\">Vores team f\u00f8lger dig gennem hele processen. Vi r\u00e5dgiver, forfiner og udvikler l\u00f8sningen i t\u00e6t samarbejde med dig, s\u00e5 slutresultatet lever op til dine specifikationer.<\/p>\n<p style=\"text-align: left;\" data-start=\"1109\" data-end=\"1159\">Du er med hele vejen \u2013 fra id\u00e9 til f\u00e6rdig l\u00f8sning.<\/p>\n<h3 style=\"text-align: left;\" data-start=\"1166\" data-end=\"1201\"><\/h3>\n<h3 style=\"text-align: left;\" data-start=\"1166\" data-end=\"1201\">H\u00e5ndv\u00e6rk med omhu og erfaring<\/h3>\n<p style=\"text-align: left;\" data-start=\"1203\" data-end=\"1488\">Uanset om du har brug for en specialfarve, en s\u00e6rlig st\u00f8rrelse eller form eller specialtilpassede interi\u00f8rl\u00f8sninger, h\u00e5ndterer vores erfarne h\u00e5ndv\u00e6rkere projektet med pr\u00e6cision og omhu. Den samme tilgang har gjort CHAT BOARD\u00ae til et foretrukket valg for profilerede kunder verden over.<\/p>\n<p style=\"text-align: left;\" data-start=\"1490\" data-end=\"1556\">En skr\u00e6ddersyet l\u00f8sning. Skabt til at holde. Designet til dit rum.<\/p>\n<p>&nbsp;<\/p>\n<p>&nbsp;<\/p>\n<p>&nbsp;<\/p>\n","protected":false},"excerpt":{"rendered":"<p>Tilpas og skr\u00e6ddersy dit CHAT BOARD\u00ae produkt og skab helt personlige speciall\u00f8sninger, der matcher netop din vision.<\/p>\n","protected":false},"featured_media":8605,"comment_status":"open","ping_status":"closed","template":"","meta":{"_acf_changed":false},"product_brand":[],"product_cat":[97],"product_tag":[],"class_list":{"0":"post-1191","1":"product","2":"type-product","3":"status-publish","4":"has-post-thumbnail","6":"product_cat-speciallosninger","8":"first","9":"instock","10":"shipping-taxable","11":"product-type-simple"},"acf":[],"yoast_head":"<!-- This site is optimized with the Yoast SEO plugin v25.3.1 - https:\/\/yoast.com\/wordpress\/plugins\/seo\/ -->\n<title>SKR\u00c6DDERSYET - CHAT BOARD<\/title>\n<meta name=\"description\" content=\"Custom whiteboard l\u00f8sninger fra CHAT BOARD\u00ae. Skr\u00e6ddersyede tavler med valgfri farver, st\u00f8rrelser og design til professionelle rum.\" \/>\n<meta name=\"robots\" content=\"index, follow, max-snippet:-1, max-image-preview:large, max-video-preview:-1\" \/>\n<link rel=\"canonical\" href=\"https:\/\/chat-board.dk\/da\/skraeddersyet\/\" \/>\n<meta property=\"og:locale\" content=\"da_DK\" \/>\n<meta property=\"og:type\" content=\"article\" \/>\n<meta property=\"og:title\" content=\"SKR\u00c6DDERSYET - CHAT BOARD\" \/>\n<meta property=\"og:description\" content=\"Custom whiteboard l\u00f8sninger fra CHAT BOARD\u00ae. Skr\u00e6ddersyede tavler med valgfri farver, st\u00f8rrelser og design til professionelle rum.\" \/>\n<meta property=\"og:url\" content=\"https:\/\/chat-board.dk\/da\/skraeddersyet\/\" \/>\n<meta property=\"og:site_name\" content=\"CHAT BOARD\" \/>\n<meta property=\"article:modified_time\" content=\"2026-02-09T13:36:57+00:00\" \/>\n<meta property=\"og:image\" content=\"https:\/\/chat-board.dk\/wp-content\/uploads\/2020\/11\/CHAT-BOARD-customised-DissingWeitling.jpg\" \/>\n\t<meta property=\"og:image:width\" content=\"945\" \/>\n\t<meta property=\"og:image:height\" content=\"1341\" \/>\n\t<meta property=\"og:image:type\" content=\"image\/jpeg\" \/>\n<meta name=\"twitter:card\" content=\"summary_large_image\" \/>\n<meta name=\"twitter:label1\" content=\"Est. reading time\" \/>\n\t<meta name=\"twitter:data1\" content=\"2 minutes\" \/>\n<script type=\"application\/ld+json\" class=\"yoast-schema-graph\">{\"@context\":\"https:\/\/schema.org\",\"@graph\":[{\"@type\":\"WebPage\",\"@id\":\"https:\/\/chat-board.dk\/da\/skraeddersyet\/\",\"url\":\"https:\/\/chat-board.dk\/da\/skraeddersyet\/\",\"name\":\"SKR\u00c6DDERSYET - CHAT BOARD\",\"isPartOf\":{\"@id\":\"https:\/\/chat-board.dk\/da\/#website\"},\"primaryImageOfPage\":{\"@id\":\"https:\/\/chat-board.dk\/da\/skraeddersyet\/#primaryimage\"},\"image\":{\"@id\":\"https:\/\/chat-board.dk\/da\/skraeddersyet\/#primaryimage\"},\"thumbnailUrl\":\"https:\/\/chat-board.dk\/wp-content\/uploads\/2020\/11\/CHAT-BOARD-customised-DissingWeitling.jpg\",\"datePublished\":\"2020-11-16T09:53:25+00:00\",\"dateModified\":\"2026-02-09T13:36:57+00:00\",\"description\":\"Custom whiteboard l\u00f8sninger fra CHAT BOARD\u00ae. Skr\u00e6ddersyede tavler med valgfri farver, st\u00f8rrelser og design til professionelle rum.\",\"breadcrumb\":{\"@id\":\"https:\/\/chat-board.dk\/da\/skraeddersyet\/#breadcrumb\"},\"inLanguage\":\"da-DK\",\"potentialAction\":[{\"@type\":\"ReadAction\",\"target\":[\"https:\/\/chat-board.dk\/da\/skraeddersyet\/\"]}]},{\"@type\":\"ImageObject\",\"inLanguage\":\"da-DK\",\"@id\":\"https:\/\/chat-board.dk\/da\/skraeddersyet\/#primaryimage\",\"url\":\"https:\/\/chat-board.dk\/wp-content\/uploads\/2020\/11\/CHAT-BOARD-customised-DissingWeitling.jpg\",\"contentUrl\":\"https:\/\/chat-board.dk\/wp-content\/uploads\/2020\/11\/CHAT-BOARD-customised-DissingWeitling.jpg\",\"width\":945,\"height\":1341,\"caption\":\"CHAT BOARD Classic customised for Dissing + Weitling architects\"},{\"@type\":\"BreadcrumbList\",\"@id\":\"https:\/\/chat-board.dk\/da\/skraeddersyet\/#breadcrumb\",\"itemListElement\":[{\"@type\":\"ListItem\",\"position\":1,\"name\":\"Home\",\"item\":\"https:\/\/chat-board.dk\/da\/\"},{\"@type\":\"ListItem\",\"position\":2,\"name\":\"Produkter\",\"item\":\"https:\/\/chat-board.dk\/da\/produkter\/\"},{\"@type\":\"ListItem\",\"position\":3,\"name\":\"SKR\u00c6DDERSYET\"}]},{\"@type\":\"WebSite\",\"@id\":\"https:\/\/chat-board.dk\/da\/#website\",\"url\":\"https:\/\/chat-board.dk\/da\/\",\"name\":\"CHAT BOARD\",\"description\":\"\",\"potentialAction\":[{\"@type\":\"SearchAction\",\"target\":{\"@type\":\"EntryPoint\",\"urlTemplate\":\"https:\/\/chat-board.dk\/da\/?s={search_term_string}\"},\"query-input\":{\"@type\":\"PropertyValueSpecification\",\"valueRequired\":true,\"valueName\":\"search_term_string\"}}],\"inLanguage\":\"da-DK\"}]}<\/script>\n<!-- \/ Yoast SEO plugin. -->","yoast_head_json":{"title":"SKR\u00c6DDERSYET - CHAT BOARD","description":"Custom whiteboard l\u00f8sninger fra CHAT BOARD\u00ae. Skr\u00e6ddersyede tavler med valgfri farver, st\u00f8rrelser og design til professionelle rum.","robots":{"index":"index","follow":"follow","max-snippet":"max-snippet:-1","max-image-preview":"max-image-preview:large","max-video-preview":"max-video-preview:-1"},"canonical":"https:\/\/chat-board.dk\/da\/skraeddersyet\/","og_locale":"da_DK","og_type":"article","og_title":"SKR\u00c6DDERSYET - CHAT BOARD","og_description":"Custom whiteboard l\u00f8sninger fra CHAT BOARD\u00ae. Skr\u00e6ddersyede tavler med valgfri farver, st\u00f8rrelser og design til professionelle rum.","og_url":"https:\/\/chat-board.dk\/da\/skraeddersyet\/","og_site_name":"CHAT BOARD","article_modified_time":"2026-02-09T13:36:57+00:00","og_image":[{"width":945,"height":1341,"url":"https:\/\/chat-board.dk\/wp-content\/uploads\/2020\/11\/CHAT-BOARD-customised-DissingWeitling.jpg","type":"image\/jpeg"}],"twitter_card":"summary_large_image","twitter_misc":{"Est. reading time":"2 minutes"},"schema":{"@context":"https:\/\/schema.org","@graph":[{"@type":"WebPage","@id":"https:\/\/chat-board.dk\/da\/skraeddersyet\/","url":"https:\/\/chat-board.dk\/da\/skraeddersyet\/","name":"SKR\u00c6DDERSYET - CHAT BOARD","isPartOf":{"@id":"https:\/\/chat-board.dk\/da\/#website"},"primaryImageOfPage":{"@id":"https:\/\/chat-board.dk\/da\/skraeddersyet\/#primaryimage"},"image":{"@id":"https:\/\/chat-board.dk\/da\/skraeddersyet\/#primaryimage"},"thumbnailUrl":"https:\/\/chat-board.dk\/wp-content\/uploads\/2020\/11\/CHAT-BOARD-customised-DissingWeitling.jpg","datePublished":"2020-11-16T09:53:25+00:00","dateModified":"2026-02-09T13:36:57+00:00","description":"Custom whiteboard l\u00f8sninger fra CHAT BOARD\u00ae. Skr\u00e6ddersyede tavler med valgfri farver, st\u00f8rrelser og design til professionelle rum.","breadcrumb":{"@id":"https:\/\/chat-board.dk\/da\/skraeddersyet\/#breadcrumb"},"inLanguage":"da-DK","potentialAction":[{"@type":"ReadAction","target":["https:\/\/chat-board.dk\/da\/skraeddersyet\/"]}]},{"@type":"ImageObject","inLanguage":"da-DK","@id":"https:\/\/chat-board.dk\/da\/skraeddersyet\/#primaryimage","url":"https:\/\/chat-board.dk\/wp-content\/uploads\/2020\/11\/CHAT-BOARD-customised-DissingWeitling.jpg","contentUrl":"https:\/\/chat-board.dk\/wp-content\/uploads\/2020\/11\/CHAT-BOARD-customised-DissingWeitling.jpg","width":945,"height":1341,"caption":"CHAT BOARD Classic customised for Dissing + Weitling architects"},{"@type":"BreadcrumbList","@id":"https:\/\/chat-board.dk\/da\/skraeddersyet\/#breadcrumb","itemListElement":[{"@type":"ListItem","position":1,"name":"Home","item":"https:\/\/chat-board.dk\/da\/"},{"@type":"ListItem","position":2,"name":"Produkter","item":"https:\/\/chat-board.dk\/da\/produkter\/"},{"@type":"ListItem","position":3,"name":"SKR\u00c6DDERSYET"}]},{"@type":"WebSite","@id":"https:\/\/chat-board.dk\/da\/#website","url":"https:\/\/chat-board.dk\/da\/","name":"CHAT BOARD","description":"","potentialAction":[{"@type":"SearchAction","target":{"@type":"EntryPoint","urlTemplate":"https:\/\/chat-board.dk\/da\/?s={search_term_string}"},"query-input":{"@type":"PropertyValueSpecification","valueRequired":true,"valueName":"search_term_string"}}],"inLanguage":"da-DK"}]}},"_links":{"self":[{"href":"https:\/\/chat-board.dk\/da\/wp-json\/wp\/v2\/product\/1191","targetHints":{"allow":["GET"]}}],"collection":[{"href":"https:\/\/chat-board.dk\/da\/wp-json\/wp\/v2\/product"}],"about":[{"href":"https:\/\/chat-board.dk\/da\/wp-json\/wp\/v2\/types\/product"}],"replies":[{"embeddable":true,"href":"https:\/\/chat-board.dk\/da\/wp-json\/wp\/v2\/comments?post=1191"}],"wp:featuredmedia":[{"embeddable":true,"href":"https:\/\/chat-board.dk\/da\/wp-json\/wp\/v2\/media\/8605"}],"wp:attachment":[{"href":"https:\/\/chat-board.dk\/da\/wp-json\/wp\/v2\/media?parent=1191"}],"wp:term":[{"taxonomy":"product_brand","embeddable":true,"href":"https:\/\/chat-board.dk\/da\/wp-json\/wp\/v2\/product_brand?post=1191"},{"taxonomy":"product_cat","embeddable":true,"href":"https:\/\/chat-board.dk\/da\/wp-json\/wp\/v2\/product_cat?post=1191"},{"taxonomy":"product_tag","embeddable":true,"href":"https:\/\/chat-board.dk\/da\/wp-json\/wp\/v2\/product_tag?post=1191"}],"curies":[{"name":"wp","href":"https:\/\/api.w.org\/{rel}","templated":true}]}}