{"id":1149,"date":"2020-11-10T16:16:09","date_gmt":"2020-11-10T14:16:09","guid":{"rendered":"http:\/\/clients.rubystudio.dk\/chatboard\/product\/uundvaerligt-tilbehor\/"},"modified":"2026-03-20T12:38:53","modified_gmt":"2026-03-20T10:38:53","slug":"uundvaerligt-whiteboard-tilbehor","status":"publish","type":"product","link":"https:\/\/chat-board.dk\/da\/uundvaerligt-tilbehor\/","title":{"rendered":"UUNDV\u00c6RLIGT TILBEH\u00d8R"},"content":{"rendered":"<h3 style=\"text-align: left;\" data-start=\"446\" data-end=\"503\">Skabt til at f\u00e5 det fulde udbytte af dit whiteboard<\/h3>\n<p style=\"text-align: left;\" data-start=\"504\" data-end=\"741\">Vi tilbyder et bredt udvalg af funktionelt og \u00e6stetisk whiteboard tilbeh\u00f8r, der kan anvendes p\u00e5 tv\u00e6rs af hele CHAT BOARD\u00ae-kollektionen. Alt tilbeh\u00f8r er udviklet til at underst\u00f8tte b\u00e5de funktion, holdbarhed og det visuelle udtryk.<\/p>\n<p style=\"text-align: left;\" data-start=\"743\" data-end=\"822\">Tilbeh\u00f8ret sikrer, at du f\u00e5r det maksimale ud af dit <a href=\"https:\/\/chat-board.dk\/da\/produkter\/\">whiteboard<\/a> hver dag.<\/p>\n<h3 style=\"text-align: left;\" data-start=\"829\" data-end=\"858\"><\/h3>\n<h3 style=\"text-align: left;\" data-start=\"829\" data-end=\"858\">Tuscher udviklet til glas<\/h3>\n<p style=\"text-align: left;\" data-start=\"859\" data-end=\"1015\">Alle CHAT BOARD\u00ae whiteboard tusser er specielt fremstillet til brug p\u00e5 glas. Det sikrer klare linjer og tydelige illustrationer p\u00e5 den blanke overflade.<\/p>\n<p style=\"text-align: left;\" data-start=\"1017\" data-end=\"1153\">V\u00e6lg dry erase markers til lyse tavler eller neon penne, som st\u00e5r skarpt selv p\u00e5 m\u00f8rke magnetiske whiteboards og glastavler.<\/p>\n<h3 style=\"text-align: left;\" data-start=\"1160\" data-end=\"1188\"><\/h3>\n<h3 style=\"text-align: left;\" data-start=\"1160\" data-end=\"1188\">Ekstra st\u00e6rke magneter<\/h3>\n<p style=\"text-align: left;\" data-start=\"1189\" data-end=\"1323\">CHAT BOARD\u00ae magneter er udviklet til at fungere gennem glas. De er ekstra st\u00e6rke og kan holde op til 15 A4-ark, uden at glide.<\/p>\n<p style=\"text-align: left;\" data-start=\"1325\" data-end=\"1381\">Et p\u00e5lideligt valg, n\u00e5r funktion og styrke er afg\u00f8rende.<\/p>\n<h3 style=\"text-align: left;\" data-start=\"1388\" data-end=\"1430\"><\/h3>\n<h3 style=\"text-align: left;\" data-start=\"1388\" data-end=\"1430\">Starter Sets<\/h3>\n<p style=\"text-align: left;\" data-start=\"1431\" data-end=\"1588\">F\u00e5 den optimale start med et CHAT BOARD\u00ae Starter Set. Hvert s\u00e6t indeholder n\u00f8je udvalgt whiteboard tilbeh\u00f8r, herunder penne, magneter og tavlesvampe.<\/p>\n<p style=\"text-align: left;\" data-start=\"1590\" data-end=\"1709\">Med 9 forskellige varianter er det nemt at finde den kombination, der passer bedst til dit behov og dit whiteboard.<\/p>\n<h3 style=\"text-align: left;\" data-start=\"1716\" data-end=\"1724\"><\/h3>\n<h3 style=\"text-align: left;\" data-start=\"1716\" data-end=\"1724\">NB<\/h3>\n<p style=\"text-align: left;\" data-start=\"1725\" data-end=\"1869\">Vi anbefaler altid at anvende CHAT BOARD\u00ae penne og magneter til vores produkter for at sikre optimal funktion og beskytte tavlens overflade.<\/p>\n","protected":false},"excerpt":{"rendered":"<p>Vi tilbyder et bredt udvalg af smukt og funktionelt tilbeh\u00f8r, der kan anvendes p\u00e5 tv\u00e6rs af hele CHAT BOARD\u00ae kollektionen, og som p\u00e5 bedst mulige vist giver det fulde udbytte af vore produkter.<\/p>\n","protected":false},"featured_media":1150,"comment_status":"open","ping_status":"closed","template":"","meta":{"_acf_changed":false},"product_brand":[],"product_cat":[96],"product_tag":[],"class_list":{"0":"post-1149","1":"product","2":"type-product","3":"status-publish","4":"has-post-thumbnail","6":"product_cat-tilbehor","8":"first","9":"instock","10":"shipping-taxable","11":"product-type-simple"},"acf":[],"yoast_head":"<!-- This site is optimized with the Yoast SEO plugin v25.3.1 - https:\/\/yoast.com\/wordpress\/plugins\/seo\/ -->\n<title>UUNDV\u00c6RLIGT TILBEH\u00d8R - CHAT BOARD<\/title>\n<meta name=\"description\" content=\"Whiteboard tilbeh\u00f8r fra CHAT BOARD\u00ae. Tuscher, magneter og starter sets udviklet til glastavler og magnetiske whiteboards.\" \/>\n<meta name=\"robots\" content=\"index, follow, max-snippet:-1, max-image-preview:large, max-video-preview:-1\" \/>\n<link rel=\"canonical\" href=\"https:\/\/chat-board.dk\/da\/uundvaerligt-tilbehor\/\" \/>\n<meta property=\"og:locale\" content=\"da_DK\" \/>\n<meta property=\"og:type\" content=\"article\" \/>\n<meta property=\"og:title\" content=\"UUNDV\u00c6RLIGT TILBEH\u00d8R - CHAT BOARD\" \/>\n<meta property=\"og:description\" content=\"Whiteboard tilbeh\u00f8r fra CHAT BOARD\u00ae. Tuscher, magneter og starter sets udviklet til glastavler og magnetiske whiteboards.\" \/>\n<meta property=\"og:url\" content=\"https:\/\/chat-board.dk\/da\/uundvaerligt-tilbehor\/\" \/>\n<meta property=\"og:site_name\" content=\"CHAT BOARD\" \/>\n<meta property=\"article:modified_time\" content=\"2026-03-20T10:38:53+00:00\" \/>\n<meta property=\"og:image\" content=\"https:\/\/chat-board.dk\/wp-content\/uploads\/2020\/11\/CHAT-BOARD-Woody-Black-stained-e1605018132180.jpg\" \/>\n\t<meta property=\"og:image:width\" content=\"914\" \/>\n\t<meta property=\"og:image:height\" content=\"1200\" \/>\n\t<meta property=\"og:image:type\" content=\"image\/jpeg\" \/>\n<meta name=\"twitter:card\" content=\"summary_large_image\" \/>\n<meta name=\"twitter:label1\" content=\"Est. reading time\" \/>\n\t<meta name=\"twitter:data1\" content=\"2 minutes\" \/>\n<script type=\"application\/ld+json\" class=\"yoast-schema-graph\">{\"@context\":\"https:\/\/schema.org\",\"@graph\":[{\"@type\":\"WebPage\",\"@id\":\"https:\/\/chat-board.dk\/da\/uundvaerligt-tilbehor\/\",\"url\":\"https:\/\/chat-board.dk\/da\/uundvaerligt-tilbehor\/\",\"name\":\"UUNDV\u00c6RLIGT TILBEH\u00d8R - CHAT BOARD\",\"isPartOf\":{\"@id\":\"https:\/\/chat-board.dk\/da\/#website\"},\"primaryImageOfPage\":{\"@id\":\"https:\/\/chat-board.dk\/da\/uundvaerligt-tilbehor\/#primaryimage\"},\"image\":{\"@id\":\"https:\/\/chat-board.dk\/da\/uundvaerligt-tilbehor\/#primaryimage\"},\"thumbnailUrl\":\"https:\/\/chat-board.dk\/wp-content\/uploads\/2020\/11\/CHAT-BOARD-Woody-Black-stained-e1605018132180.jpg\",\"datePublished\":\"2020-11-10T14:16:09+00:00\",\"dateModified\":\"2026-03-20T10:38:53+00:00\",\"description\":\"Whiteboard tilbeh\u00f8r fra CHAT BOARD\u00ae. Tuscher, magneter og starter sets udviklet til glastavler og magnetiske whiteboards.\",\"breadcrumb\":{\"@id\":\"https:\/\/chat-board.dk\/da\/uundvaerligt-tilbehor\/#breadcrumb\"},\"inLanguage\":\"da-DK\",\"potentialAction\":[{\"@type\":\"ReadAction\",\"target\":[\"https:\/\/chat-board.dk\/da\/uundvaerligt-tilbehor\/\"]}]},{\"@type\":\"ImageObject\",\"inLanguage\":\"da-DK\",\"@id\":\"https:\/\/chat-board.dk\/da\/uundvaerligt-tilbehor\/#primaryimage\",\"url\":\"https:\/\/chat-board.dk\/wp-content\/uploads\/2020\/11\/CHAT-BOARD-Woody-Black-stained-e1605018132180.jpg\",\"contentUrl\":\"https:\/\/chat-board.dk\/wp-content\/uploads\/2020\/11\/CHAT-BOARD-Woody-Black-stained-e1605018132180.jpg\",\"width\":914,\"height\":1200,\"caption\":\"CHAT BOARD Woody Eraser and Magnets in black stained ash on Pure White Classic\"},{\"@type\":\"BreadcrumbList\",\"@id\":\"https:\/\/chat-board.dk\/da\/uundvaerligt-tilbehor\/#breadcrumb\",\"itemListElement\":[{\"@type\":\"ListItem\",\"position\":1,\"name\":\"Home\",\"item\":\"https:\/\/chat-board.dk\/da\/\"},{\"@type\":\"ListItem\",\"position\":2,\"name\":\"Produkter\",\"item\":\"https:\/\/chat-board.dk\/da\/produkter\/\"},{\"@type\":\"ListItem\",\"position\":3,\"name\":\"UUNDV\u00c6RLIGT TILBEH\u00d8R\"}]},{\"@type\":\"WebSite\",\"@id\":\"https:\/\/chat-board.dk\/da\/#website\",\"url\":\"https:\/\/chat-board.dk\/da\/\",\"name\":\"CHAT BOARD\",\"description\":\"\",\"potentialAction\":[{\"@type\":\"SearchAction\",\"target\":{\"@type\":\"EntryPoint\",\"urlTemplate\":\"https:\/\/chat-board.dk\/da\/?s={search_term_string}\"},\"query-input\":{\"@type\":\"PropertyValueSpecification\",\"valueRequired\":true,\"valueName\":\"search_term_string\"}}],\"inLanguage\":\"da-DK\"}]}<\/script>\n<!-- \/ Yoast SEO plugin. -->","yoast_head_json":{"title":"UUNDV\u00c6RLIGT TILBEH\u00d8R - CHAT BOARD","description":"Whiteboard tilbeh\u00f8r fra CHAT BOARD\u00ae. Tuscher, magneter og starter sets udviklet til glastavler og magnetiske whiteboards.","robots":{"index":"index","follow":"follow","max-snippet":"max-snippet:-1","max-image-preview":"max-image-preview:large","max-video-preview":"max-video-preview:-1"},"canonical":"https:\/\/chat-board.dk\/da\/uundvaerligt-tilbehor\/","og_locale":"da_DK","og_type":"article","og_title":"UUNDV\u00c6RLIGT TILBEH\u00d8R - CHAT BOARD","og_description":"Whiteboard tilbeh\u00f8r fra CHAT BOARD\u00ae. Tuscher, magneter og starter sets udviklet til glastavler og magnetiske whiteboards.","og_url":"https:\/\/chat-board.dk\/da\/uundvaerligt-tilbehor\/","og_site_name":"CHAT BOARD","article_modified_time":"2026-03-20T10:38:53+00:00","og_image":[{"width":914,"height":1200,"url":"https:\/\/chat-board.dk\/wp-content\/uploads\/2020\/11\/CHAT-BOARD-Woody-Black-stained-e1605018132180.jpg","type":"image\/jpeg"}],"twitter_card":"summary_large_image","twitter_misc":{"Est. reading time":"2 minutes"},"schema":{"@context":"https:\/\/schema.org","@graph":[{"@type":"WebPage","@id":"https:\/\/chat-board.dk\/da\/uundvaerligt-tilbehor\/","url":"https:\/\/chat-board.dk\/da\/uundvaerligt-tilbehor\/","name":"UUNDV\u00c6RLIGT TILBEH\u00d8R - CHAT BOARD","isPartOf":{"@id":"https:\/\/chat-board.dk\/da\/#website"},"primaryImageOfPage":{"@id":"https:\/\/chat-board.dk\/da\/uundvaerligt-tilbehor\/#primaryimage"},"image":{"@id":"https:\/\/chat-board.dk\/da\/uundvaerligt-tilbehor\/#primaryimage"},"thumbnailUrl":"https:\/\/chat-board.dk\/wp-content\/uploads\/2020\/11\/CHAT-BOARD-Woody-Black-stained-e1605018132180.jpg","datePublished":"2020-11-10T14:16:09+00:00","dateModified":"2026-03-20T10:38:53+00:00","description":"Whiteboard tilbeh\u00f8r fra CHAT BOARD\u00ae. Tuscher, magneter og starter sets udviklet til glastavler og magnetiske whiteboards.","breadcrumb":{"@id":"https:\/\/chat-board.dk\/da\/uundvaerligt-tilbehor\/#breadcrumb"},"inLanguage":"da-DK","potentialAction":[{"@type":"ReadAction","target":["https:\/\/chat-board.dk\/da\/uundvaerligt-tilbehor\/"]}]},{"@type":"ImageObject","inLanguage":"da-DK","@id":"https:\/\/chat-board.dk\/da\/uundvaerligt-tilbehor\/#primaryimage","url":"https:\/\/chat-board.dk\/wp-content\/uploads\/2020\/11\/CHAT-BOARD-Woody-Black-stained-e1605018132180.jpg","contentUrl":"https:\/\/chat-board.dk\/wp-content\/uploads\/2020\/11\/CHAT-BOARD-Woody-Black-stained-e1605018132180.jpg","width":914,"height":1200,"caption":"CHAT BOARD Woody Eraser and Magnets in black stained ash on Pure White Classic"},{"@type":"BreadcrumbList","@id":"https:\/\/chat-board.dk\/da\/uundvaerligt-tilbehor\/#breadcrumb","itemListElement":[{"@type":"ListItem","position":1,"name":"Home","item":"https:\/\/chat-board.dk\/da\/"},{"@type":"ListItem","position":2,"name":"Produkter","item":"https:\/\/chat-board.dk\/da\/produkter\/"},{"@type":"ListItem","position":3,"name":"UUNDV\u00c6RLIGT TILBEH\u00d8R"}]},{"@type":"WebSite","@id":"https:\/\/chat-board.dk\/da\/#website","url":"https:\/\/chat-board.dk\/da\/","name":"CHAT BOARD","description":"","potentialAction":[{"@type":"SearchAction","target":{"@type":"EntryPoint","urlTemplate":"https:\/\/chat-board.dk\/da\/?s={search_term_string}"},"query-input":{"@type":"PropertyValueSpecification","valueRequired":true,"valueName":"search_term_string"}}],"inLanguage":"da-DK"}]}},"_links":{"self":[{"href":"https:\/\/chat-board.dk\/da\/wp-json\/wp\/v2\/product\/1149","targetHints":{"allow":["GET"]}}],"collection":[{"href":"https:\/\/chat-board.dk\/da\/wp-json\/wp\/v2\/product"}],"about":[{"href":"https:\/\/chat-board.dk\/da\/wp-json\/wp\/v2\/types\/product"}],"replies":[{"embeddable":true,"href":"https:\/\/chat-board.dk\/da\/wp-json\/wp\/v2\/comments?post=1149"}],"wp:featuredmedia":[{"embeddable":true,"href":"https:\/\/chat-board.dk\/da\/wp-json\/wp\/v2\/media\/1150"}],"wp:attachment":[{"href":"https:\/\/chat-board.dk\/da\/wp-json\/wp\/v2\/media?parent=1149"}],"wp:term":[{"taxonomy":"product_brand","embeddable":true,"href":"https:\/\/chat-board.dk\/da\/wp-json\/wp\/v2\/product_brand?post=1149"},{"taxonomy":"product_cat","embeddable":true,"href":"https:\/\/chat-board.dk\/da\/wp-json\/wp\/v2\/product_cat?post=1149"},{"taxonomy":"product_tag","embeddable":true,"href":"https:\/\/chat-board.dk\/da\/wp-json\/wp\/v2\/product_tag?post=1149"}],"curies":[{"name":"wp","href":"https:\/\/api.w.org\/{rel}","templated":true}]}}