{"id":10211,"date":"2024-11-19T13:30:49","date_gmt":"2024-11-19T11:33:41","guid":{"rendered":"https:\/\/chat-board.dk\/?post_type=product&#038;p=10211"},"modified":"2026-03-20T12:24:41","modified_gmt":"2026-03-20T10:24:41","slug":"aqsorb","status":"publish","type":"product","link":"https:\/\/chat-board.dk\/da\/aqsorb\/","title":{"rendered":"AQSORB"},"content":{"rendered":"<h3 style=\"text-align: left;\" data-start=\"80\" data-end=\"105\">Akustiske V\u00e6gpaneler<\/h3>\n<p style=\"text-align: left;\" data-start=\"107\" data-end=\"386\">AQsorb\u00ae er udviklet i samarbejde mellem CHAT BOARD\u00ae og AQdeco og forener ekspertise inden for glastavler med specialiseret akustikviden. Kollektionen best\u00e5r af skr\u00e6ddersyede akustiske v\u00e6gpaneler i ni signaturst\u00f8rrelser, n\u00f8je tilpasset til at komplementere CHAT BOARD\u00ae <a href=\"https:\/\/chat-board.dk\/products\/\">glastavler<\/a>.<\/p>\n<p style=\"text-align: left;\" data-start=\"388\" data-end=\"477\">AQsorb\u00ae tilbyder en effektiv og dekorativ l\u00f8sning til lydabsorption i moderne arbejdsrum.<\/p>\n<h2 style=\"text-align: left;\" data-start=\"484\" data-end=\"524\"><\/h2>\n<h3 style=\"text-align: left;\" data-start=\"484\" data-end=\"524\">Designet til at Forbedre Rumakustik<\/h3>\n<p style=\"text-align: left;\" data-start=\"526\" data-end=\"715\">Panelerne er fremstillet af letv\u00e6gts 100 % genanvendelig <a href=\"https:\/\/www.easyfelt.co.uk\/blogs\/what-is-pet-felt-and-what-can-it-be-used-for\">PET-filt<\/a>, heraf 75 % post-consumer materiale. AQsorb\u00ae forbedrer den akustiske komfort og bidrager samtidig til et sundere indeklima.<\/p>\n<p style=\"text-align: left;\" data-start=\"717\" data-end=\"890\">Testet i henhold til EN ISO 354 opn\u00e5r AQsorb\u00ae en lydabsorptionskoefficient (NRC) p\u00e5 0,85, hvilket sikrer effektiv st\u00f8jreduktion i kontorer, m\u00f8delokaler og samarbejdsomr\u00e5der.<\/p>\n<p style=\"text-align: left;\" data-start=\"892\" data-end=\"935\">Bem\u00e6rk: AQsorb\u00ae paneler er ikke magnetiske.<\/p>\n<h3 style=\"text-align: left;\" data-start=\"942\" data-end=\"984\"><\/h3>\n<h3 style=\"text-align: left;\" data-start=\"942\" data-end=\"984\">Fleksible Formater og Enkel Montering<\/h3>\n<p style=\"text-align: left;\" data-start=\"986\" data-end=\"1130\">AQsorb\u00ae x CHAT BOARD kollektionen omfatter ni st\u00f8rrelser, hver tilg\u00e6ngelig i tre n\u00f8je udvalgte nuancer, der matcher de mest popul\u00e6re glasfarver.<\/p>\n<p style=\"text-align: left;\" data-start=\"1132\" data-end=\"1296\">Panelerne leveres med matchende oph\u00e6ngsskinner for nem v\u00e6gmontering og kan installeres b\u00e5de vandret og lodret. \u00d8nsket monteringsretning skal angives ved bestilling.<\/p>\n<p style=\"text-align: left;\" data-start=\"1298\" data-end=\"1351\">Specialm\u00e5l, former og farver kan leveres efter \u00f8nske.<\/p>\n","protected":false},"excerpt":{"rendered":"<p>CHAT BOARD har i samarbejde med AQdeco udviklet en skr\u00e6ddersyet kollektion af AQsorb\u00ae akustiske filtpaneler<\/p>\n","protected":false},"featured_media":10157,"comment_status":"open","ping_status":"closed","template":"","meta":{"_acf_changed":false},"product_brand":[],"product_cat":[92],"product_tag":[],"class_list":{"0":"post-10211","1":"product","2":"type-product","3":"status-publish","4":"has-post-thumbnail","6":"product_cat-vaeg","8":"first","9":"instock","10":"shipping-taxable","11":"product-type-simple"},"acf":[],"yoast_head":"<!-- This site is optimized with the Yoast SEO plugin v25.3.1 - https:\/\/yoast.com\/wordpress\/plugins\/seo\/ -->\n<title>AQSORB - CHAT BOARD<\/title>\n<meta name=\"description\" content=\"Lydabsorberende akustiske v\u00e6gpaneler i 100 % genanvendelig PET-filt. Effektiv st\u00f8jreduktion til hverdagen p\u00e5 kontoret og m\u00f8delokaler.\" \/>\n<meta name=\"robots\" content=\"index, follow, max-snippet:-1, max-image-preview:large, max-video-preview:-1\" \/>\n<link rel=\"canonical\" href=\"https:\/\/chat-board.dk\/da\/aqsorb\/\" \/>\n<meta property=\"og:locale\" content=\"da_DK\" \/>\n<meta property=\"og:type\" content=\"article\" \/>\n<meta property=\"og:title\" content=\"AQSORB - CHAT BOARD\" \/>\n<meta property=\"og:description\" content=\"Lydabsorberende akustiske v\u00e6gpaneler i 100 % genanvendelig PET-filt. Effektiv st\u00f8jreduktion til hverdagen p\u00e5 kontoret og m\u00f8delokaler.\" \/>\n<meta property=\"og:url\" content=\"https:\/\/chat-board.dk\/da\/aqsorb\/\" \/>\n<meta property=\"og:site_name\" content=\"CHAT BOARD\" \/>\n<meta property=\"article:modified_time\" content=\"2026-03-20T10:24:41+00:00\" \/>\n<meta property=\"og:image\" content=\"https:\/\/chat-board.dk\/wp-content\/uploads\/2024\/11\/CHAT-BOARD-AQsorb-front-ambient-portrait.jpg\" \/>\n\t<meta property=\"og:image:width\" content=\"1516\" \/>\n\t<meta property=\"og:image:height\" content=\"2275\" \/>\n\t<meta property=\"og:image:type\" content=\"image\/jpeg\" \/>\n<meta name=\"twitter:card\" content=\"summary_large_image\" \/>\n<meta name=\"twitter:label1\" content=\"Est. reading time\" \/>\n\t<meta name=\"twitter:data1\" content=\"1 minute\" \/>\n<script type=\"application\/ld+json\" class=\"yoast-schema-graph\">{\"@context\":\"https:\/\/schema.org\",\"@graph\":[{\"@type\":\"WebPage\",\"@id\":\"https:\/\/chat-board.dk\/da\/aqsorb\/\",\"url\":\"https:\/\/chat-board.dk\/da\/aqsorb\/\",\"name\":\"AQSORB - CHAT BOARD\",\"isPartOf\":{\"@id\":\"https:\/\/chat-board.dk\/da\/#website\"},\"primaryImageOfPage\":{\"@id\":\"https:\/\/chat-board.dk\/da\/aqsorb\/#primaryimage\"},\"image\":{\"@id\":\"https:\/\/chat-board.dk\/da\/aqsorb\/#primaryimage\"},\"thumbnailUrl\":\"https:\/\/chat-board.dk\/wp-content\/uploads\/2024\/11\/CHAT-BOARD-AQsorb-front-ambient-portrait.jpg\",\"datePublished\":\"2024-11-19T11:33:41+00:00\",\"dateModified\":\"2026-03-20T10:24:41+00:00\",\"description\":\"Lydabsorberende akustiske v\u00e6gpaneler i 100 % genanvendelig PET-filt. Effektiv st\u00f8jreduktion til hverdagen p\u00e5 kontoret og m\u00f8delokaler.\",\"breadcrumb\":{\"@id\":\"https:\/\/chat-board.dk\/da\/aqsorb\/#breadcrumb\"},\"inLanguage\":\"da-DK\",\"potentialAction\":[{\"@type\":\"ReadAction\",\"target\":[\"https:\/\/chat-board.dk\/da\/aqsorb\/\"]}]},{\"@type\":\"ImageObject\",\"inLanguage\":\"da-DK\",\"@id\":\"https:\/\/chat-board.dk\/da\/aqsorb\/#primaryimage\",\"url\":\"https:\/\/chat-board.dk\/wp-content\/uploads\/2024\/11\/CHAT-BOARD-AQsorb-front-ambient-portrait.jpg\",\"contentUrl\":\"https:\/\/chat-board.dk\/wp-content\/uploads\/2024\/11\/CHAT-BOARD-AQsorb-front-ambient-portrait.jpg\",\"width\":1516,\"height\":2275,\"caption\":\"Acoustic wall panels. Akustiske V\u00e6gpaneler\"},{\"@type\":\"BreadcrumbList\",\"@id\":\"https:\/\/chat-board.dk\/da\/aqsorb\/#breadcrumb\",\"itemListElement\":[{\"@type\":\"ListItem\",\"position\":1,\"name\":\"Home\",\"item\":\"https:\/\/chat-board.dk\/da\/\"},{\"@type\":\"ListItem\",\"position\":2,\"name\":\"Produkter\",\"item\":\"https:\/\/chat-board.dk\/da\/produkter\/\"},{\"@type\":\"ListItem\",\"position\":3,\"name\":\"AQSORB\"}]},{\"@type\":\"WebSite\",\"@id\":\"https:\/\/chat-board.dk\/da\/#website\",\"url\":\"https:\/\/chat-board.dk\/da\/\",\"name\":\"CHAT BOARD\",\"description\":\"\",\"potentialAction\":[{\"@type\":\"SearchAction\",\"target\":{\"@type\":\"EntryPoint\",\"urlTemplate\":\"https:\/\/chat-board.dk\/da\/?s={search_term_string}\"},\"query-input\":{\"@type\":\"PropertyValueSpecification\",\"valueRequired\":true,\"valueName\":\"search_term_string\"}}],\"inLanguage\":\"da-DK\"}]}<\/script>\n<!-- \/ Yoast SEO plugin. -->","yoast_head_json":{"title":"AQSORB - CHAT BOARD","description":"Lydabsorberende akustiske v\u00e6gpaneler i 100 % genanvendelig PET-filt. Effektiv st\u00f8jreduktion til hverdagen p\u00e5 kontoret og m\u00f8delokaler.","robots":{"index":"index","follow":"follow","max-snippet":"max-snippet:-1","max-image-preview":"max-image-preview:large","max-video-preview":"max-video-preview:-1"},"canonical":"https:\/\/chat-board.dk\/da\/aqsorb\/","og_locale":"da_DK","og_type":"article","og_title":"AQSORB - CHAT BOARD","og_description":"Lydabsorberende akustiske v\u00e6gpaneler i 100 % genanvendelig PET-filt. Effektiv st\u00f8jreduktion til hverdagen p\u00e5 kontoret og m\u00f8delokaler.","og_url":"https:\/\/chat-board.dk\/da\/aqsorb\/","og_site_name":"CHAT BOARD","article_modified_time":"2026-03-20T10:24:41+00:00","og_image":[{"width":1516,"height":2275,"url":"https:\/\/chat-board.dk\/wp-content\/uploads\/2024\/11\/CHAT-BOARD-AQsorb-front-ambient-portrait.jpg","type":"image\/jpeg"}],"twitter_card":"summary_large_image","twitter_misc":{"Est. reading time":"1 minute"},"schema":{"@context":"https:\/\/schema.org","@graph":[{"@type":"WebPage","@id":"https:\/\/chat-board.dk\/da\/aqsorb\/","url":"https:\/\/chat-board.dk\/da\/aqsorb\/","name":"AQSORB - CHAT BOARD","isPartOf":{"@id":"https:\/\/chat-board.dk\/da\/#website"},"primaryImageOfPage":{"@id":"https:\/\/chat-board.dk\/da\/aqsorb\/#primaryimage"},"image":{"@id":"https:\/\/chat-board.dk\/da\/aqsorb\/#primaryimage"},"thumbnailUrl":"https:\/\/chat-board.dk\/wp-content\/uploads\/2024\/11\/CHAT-BOARD-AQsorb-front-ambient-portrait.jpg","datePublished":"2024-11-19T11:33:41+00:00","dateModified":"2026-03-20T10:24:41+00:00","description":"Lydabsorberende akustiske v\u00e6gpaneler i 100 % genanvendelig PET-filt. Effektiv st\u00f8jreduktion til hverdagen p\u00e5 kontoret og m\u00f8delokaler.","breadcrumb":{"@id":"https:\/\/chat-board.dk\/da\/aqsorb\/#breadcrumb"},"inLanguage":"da-DK","potentialAction":[{"@type":"ReadAction","target":["https:\/\/chat-board.dk\/da\/aqsorb\/"]}]},{"@type":"ImageObject","inLanguage":"da-DK","@id":"https:\/\/chat-board.dk\/da\/aqsorb\/#primaryimage","url":"https:\/\/chat-board.dk\/wp-content\/uploads\/2024\/11\/CHAT-BOARD-AQsorb-front-ambient-portrait.jpg","contentUrl":"https:\/\/chat-board.dk\/wp-content\/uploads\/2024\/11\/CHAT-BOARD-AQsorb-front-ambient-portrait.jpg","width":1516,"height":2275,"caption":"Acoustic wall panels. Akustiske V\u00e6gpaneler"},{"@type":"BreadcrumbList","@id":"https:\/\/chat-board.dk\/da\/aqsorb\/#breadcrumb","itemListElement":[{"@type":"ListItem","position":1,"name":"Home","item":"https:\/\/chat-board.dk\/da\/"},{"@type":"ListItem","position":2,"name":"Produkter","item":"https:\/\/chat-board.dk\/da\/produkter\/"},{"@type":"ListItem","position":3,"name":"AQSORB"}]},{"@type":"WebSite","@id":"https:\/\/chat-board.dk\/da\/#website","url":"https:\/\/chat-board.dk\/da\/","name":"CHAT BOARD","description":"","potentialAction":[{"@type":"SearchAction","target":{"@type":"EntryPoint","urlTemplate":"https:\/\/chat-board.dk\/da\/?s={search_term_string}"},"query-input":{"@type":"PropertyValueSpecification","valueRequired":true,"valueName":"search_term_string"}}],"inLanguage":"da-DK"}]}},"_links":{"self":[{"href":"https:\/\/chat-board.dk\/da\/wp-json\/wp\/v2\/product\/10211","targetHints":{"allow":["GET"]}}],"collection":[{"href":"https:\/\/chat-board.dk\/da\/wp-json\/wp\/v2\/product"}],"about":[{"href":"https:\/\/chat-board.dk\/da\/wp-json\/wp\/v2\/types\/product"}],"replies":[{"embeddable":true,"href":"https:\/\/chat-board.dk\/da\/wp-json\/wp\/v2\/comments?post=10211"}],"wp:featuredmedia":[{"embeddable":true,"href":"https:\/\/chat-board.dk\/da\/wp-json\/wp\/v2\/media\/10157"}],"wp:attachment":[{"href":"https:\/\/chat-board.dk\/da\/wp-json\/wp\/v2\/media?parent=10211"}],"wp:term":[{"taxonomy":"product_brand","embeddable":true,"href":"https:\/\/chat-board.dk\/da\/wp-json\/wp\/v2\/product_brand?post=10211"},{"taxonomy":"product_cat","embeddable":true,"href":"https:\/\/chat-board.dk\/da\/wp-json\/wp\/v2\/product_cat?post=10211"},{"taxonomy":"product_tag","embeddable":true,"href":"https:\/\/chat-board.dk\/da\/wp-json\/wp\/v2\/product_tag?post=10211"}],"curies":[{"name":"wp","href":"https:\/\/api.w.org\/{rel}","templated":true}]}}