{"id":9664,"date":"2024-09-18T11:04:47","date_gmt":"2024-09-18T09:04:47","guid":{"rendered":"https:\/\/chat-board.dk\/persondatapolitik\/"},"modified":"2024-09-18T14:57:59","modified_gmt":"2024-09-18T12:57:59","slug":"persondatapolitik","status":"publish","type":"page","link":"https:\/\/chat-board.dk\/da\/persondatapolitik\/","title":{"rendered":"Persondatapolitik"},"content":{"rendered":"<p><strong>Persondatapolitik<\/strong><\/p>\n<p>Hos CHAT BOARD A\/S er vi opm\u00e6rksomme p\u00e5 behovet for beskyttelse og forsvarlig behandling af personlige oplysninger. Vi arbejder derfor ud fra f\u00f8lgende principper:<\/p>\n<ul>\n<li>Ingen videregivelse af personlige oplysninger til tredjepart medmindre det er p\u00e5kr\u00e6vet ved lov.<\/li>\n<li>Ingen indhentning af personlige oplysninger fra tredjepart.<\/li>\n<li>Det er frivilligt, om du \u00f8nsker at blive tilmeldt vores nyhedsbrev, og du kan til enhver tid selv afmelde dette.<\/li>\n<li>Du kan altid f\u00e5 oplyst hvilke oplysninger vi har registreret om dig, i henhold til persondataforordning, hvis du henvender dig til os.<\/li>\n<\/ul>\n<p>Nedenfor kan du l\u00e6se mere om, hvordan vi indsamler, beskytter og anvender dine personlige oplysninger.<\/p>\n<p>&nbsp;<\/p>\n<p><strong>Cookies<\/strong><\/p>\n<p>Vi anvender ikke personlige cookies. Det betyder, at vi ikke gemmer personlige oplysninger, men blot sporer din adf\u00e6rd p\u00e5 hjemmesiden.<\/p>\n<p>&nbsp;<\/p>\n<p><strong>Log og statistik<\/strong><\/p>\n<p>Vi bruger logstatistik p\u00e5 www.chat-board.dk. Det betyder, at et statistiksystem opsamler information, som kan give et statistisk billede af, hvor mange bes\u00f8gende vores website har haft, hvor de kommer fra, p\u00e5 hvilken del af websitet, de falder fra m.v. P\u00e5 www.chat-board.dk anvender vi logstatistik med det form\u00e5l at optimere vores website og dets funktioner. Logstatistik bruges blandt andet til at skabe \u00f8get brugervenlighed og til m\u00e5lrettet markedsf\u00f8ring.<\/p>\n<p>&nbsp;<\/p>\n<p><strong>Nyhedsbrev<\/strong><\/p>\n<p>V\u00e6lger du at registrere dig til vores nyhedsbrev og lignende information, gemmer vi dit navn og din e-mail for at kunne formidle den \u00f8nskede information via e-mail. Du kan til enhver tid selv afmelde denne service via et link nederst i tilsendte nyhedsbrev.<br \/>\nHar du sp\u00f8rgsm\u00e5l til vores behandling af dine personlige data, er du meget velkommen til at sende os en mail p\u00e5 info@chat-board.dk<\/p>\n<p>&nbsp;<\/p>\n<p><strong>Dine rettigheder efter databeskyttelsesloven<\/strong><\/p>\n<p>I forbindelse med vores behandling af dine personoplysninger har du f\u00f8lgende rettigheder:<\/p>\n<ul>\n<li>Retten til at modtage oplysning om behandling af dine personoplysninger<\/li>\n<li>Retten til at indsigt i dine personoplysninger<\/li>\n<li>Retten til at f\u00e5 urigtige personoplysninger berigtiget<\/li>\n<li>Retten til at f\u00e5 dine personoplysninger slettet<\/li>\n<li>Retten til at g\u00f8re indsigelse mod at personoplysninger anvendes til direkte markedsf\u00f8ring<\/li>\n<li>Retten til at g\u00f8re indsigelse mod automatiske individuelle afg\u00f8relser, herunder profilering<\/li>\n<li>Retten til at flytte dine personoplysninger (dataportabilitet)<\/li>\n<\/ul>\n<p>Alle ovenst\u00e5ende rettigheder h\u00e5ndteres manuelt ved henvendelse til os. Husk at oplyse dit fulde navn og e-mail, hvis du kontakter os. Du kan kontakte os p\u00e5 info@chat-board.dk<br \/>\nVi kan afvise anmodninger, der er urimeligt gentagende, kr\u00e6ver uforholdsm\u00e6ssig meget teknisk indgriben (f.eks. at udvikle et nyt system eller \u00e6ndre en eksisterende praksis v\u00e6sentligt), p\u00e5virker beskyttelsen af andres personlige oplysninger eller noget, som ville v\u00e6re ekstremt upraktisk.<br \/>\nHvis vi kan rette oplysninger, g\u00f8r vi naturligvis dette uden beregning, undtagen hvis det kr\u00e6ver en uforholdsm\u00e6ssig stor indsats. Vi bestr\u00e6ber os p\u00e5 at vedligeholde vores tjenester p\u00e5 en m\u00e5de, der beskytter oplysninger fra fejlagtig eller skadelig destruktion. N\u00e5r vi sletter dine personoplysninger fra vores tjenester, er det derfor muligt, at vi ikke altid kan slette tilh\u00f8rende kopier fra vores arkiv servere med det samme, og det er ikke sikkert, at oplysningerne fjernes fra vores sikkerhedskopisystemer f\u00f8r opbevaringsfristen udl\u00f8ber.<br \/>\nDu har til enhver tid retten til at klage til Datatilsynet, ved brev til Datatilsynet, Borgergade 28, 5. sal, 1300 K\u00f8benhavn K eller via Datatilsynets hjemmeside (https:\/\/www.datatilsynet.dk\/borger\/klage-til-datatilsynet\/)<\/p>\n<p>&nbsp;<\/p>\n<p><strong>Overholdelse og samarbejde med tilsynsmyndigheder<\/strong><\/p>\n<p>Vi gennemg\u00e5r regelm\u00e6ssigt vores egen overholdelse af vores persondatapolitik.<br \/>\nVi overholder ogs\u00e5 adskillige selvregulerende sikkerhedspolitikker. Hvis vi modtager formelle skriftlige klager, kontakter vi afsenderen for at f\u00f8lge op p\u00e5 klagen. Vi samarbejder med de relevante lovgivende myndigheder, f.eks. datatilsynet, om at l\u00f8se klager vedr\u00f8rende overf\u00f8rsel af personlige data, som vi ikke kan l\u00f8se direkte med vores brugere.<\/p>\n<p>&nbsp;<\/p>\n<p><strong>\u00c6ndringer<\/strong><\/p>\n<p>Vores persondatapolitik kan \u00e6ndres fra tid til anden. Eventuelle \u00e6ndringer af denne persondatapolitik angives p\u00e5 denne side, og hvis der sker v\u00e6sentlige \u00e6ndringer, vil vi g\u00f8re opm\u00e6rksom p\u00e5 dem p\u00e5 en mere i\u00f8jnefaldende m\u00e5de (for visse tjenester oplyser vi bl.a. om \u00e6ndringer via e-mail).<\/p>\n","protected":false},"excerpt":{"rendered":"<p>Persondatapolitik Hos CHAT BOARD A\/S er vi opm\u00e6rksomme p\u00e5 behovet for beskyttelse og forsvarlig behandling af personlige oplysninger. Vi arbejder derfor ud fra f\u00f8lgende principper: Ingen videregivelse af personlige oplysninger til tredjepart medmindre det er p\u00e5kr\u00e6vet ved lov. Ingen indhentning af personlige oplysninger fra tredjepart. Det er frivilligt, om du \u00f8nsker at blive tilmeldt vores [&hellip;]<\/p>\n","protected":false},"author":3,"featured_media":0,"parent":0,"menu_order":6,"comment_status":"closed","ping_status":"closed","template":"","meta":{"_acf_changed":false,"footnotes":""},"class_list":["post-9664","page","type-page","status-publish","hentry"],"acf":[],"yoast_head":"<!-- This site is optimized with the Yoast SEO plugin v25.3.1 - https:\/\/yoast.com\/wordpress\/plugins\/seo\/ -->\n<title>Persondatapolitik - CHAT BOARD<\/title>\n<meta name=\"robots\" content=\"index, follow, max-snippet:-1, max-image-preview:large, max-video-preview:-1\" \/>\n<link rel=\"canonical\" href=\"https:\/\/chat-board.dk\/da\/persondatapolitik\/\" \/>\n<meta property=\"og:locale\" content=\"da_DK\" \/>\n<meta property=\"og:type\" content=\"article\" \/>\n<meta property=\"og:title\" content=\"Persondatapolitik - CHAT BOARD\" \/>\n<meta property=\"og:description\" content=\"Persondatapolitik Hos CHAT BOARD A\/S er vi opm\u00e6rksomme p\u00e5 behovet for beskyttelse og forsvarlig behandling af personlige oplysninger. Vi arbejder derfor ud fra f\u00f8lgende principper: Ingen videregivelse af personlige oplysninger til tredjepart medmindre det er p\u00e5kr\u00e6vet ved lov. Ingen indhentning af personlige oplysninger fra tredjepart. Det er frivilligt, om du \u00f8nsker at blive tilmeldt vores [&hellip;]\" \/>\n<meta property=\"og:url\" content=\"https:\/\/chat-board.dk\/da\/persondatapolitik\/\" \/>\n<meta property=\"og:site_name\" content=\"CHAT BOARD\" \/>\n<meta property=\"article:modified_time\" content=\"2024-09-18T12:57:59+00:00\" \/>\n<meta name=\"twitter:card\" content=\"summary_large_image\" \/>\n<meta name=\"twitter:label1\" content=\"Est. reading time\" \/>\n\t<meta name=\"twitter:data1\" content=\"3 minutes\" \/>\n<script type=\"application\/ld+json\" class=\"yoast-schema-graph\">{\"@context\":\"https:\/\/schema.org\",\"@graph\":[{\"@type\":\"WebPage\",\"@id\":\"https:\/\/chat-board.dk\/da\/persondatapolitik\/\",\"url\":\"https:\/\/chat-board.dk\/da\/persondatapolitik\/\",\"name\":\"Persondatapolitik - CHAT BOARD\",\"isPartOf\":{\"@id\":\"https:\/\/chat-board.dk\/da\/#website\"},\"datePublished\":\"2024-09-18T09:04:47+00:00\",\"dateModified\":\"2024-09-18T12:57:59+00:00\",\"breadcrumb\":{\"@id\":\"https:\/\/chat-board.dk\/da\/persondatapolitik\/#breadcrumb\"},\"inLanguage\":\"da-DK\",\"potentialAction\":[{\"@type\":\"ReadAction\",\"target\":[\"https:\/\/chat-board.dk\/da\/persondatapolitik\/\"]}]},{\"@type\":\"BreadcrumbList\",\"@id\":\"https:\/\/chat-board.dk\/da\/persondatapolitik\/#breadcrumb\",\"itemListElement\":[{\"@type\":\"ListItem\",\"position\":1,\"name\":\"Home\",\"item\":\"https:\/\/chat-board.dk\/da\/\"},{\"@type\":\"ListItem\",\"position\":2,\"name\":\"Persondatapolitik\"}]},{\"@type\":\"WebSite\",\"@id\":\"https:\/\/chat-board.dk\/da\/#website\",\"url\":\"https:\/\/chat-board.dk\/da\/\",\"name\":\"CHAT BOARD\",\"description\":\"\",\"potentialAction\":[{\"@type\":\"SearchAction\",\"target\":{\"@type\":\"EntryPoint\",\"urlTemplate\":\"https:\/\/chat-board.dk\/da\/?s={search_term_string}\"},\"query-input\":{\"@type\":\"PropertyValueSpecification\",\"valueRequired\":true,\"valueName\":\"search_term_string\"}}],\"inLanguage\":\"da-DK\"}]}<\/script>\n<!-- \/ Yoast SEO plugin. -->","yoast_head_json":{"title":"Persondatapolitik - CHAT BOARD","robots":{"index":"index","follow":"follow","max-snippet":"max-snippet:-1","max-image-preview":"max-image-preview:large","max-video-preview":"max-video-preview:-1"},"canonical":"https:\/\/chat-board.dk\/da\/persondatapolitik\/","og_locale":"da_DK","og_type":"article","og_title":"Persondatapolitik - CHAT BOARD","og_description":"Persondatapolitik Hos CHAT BOARD A\/S er vi opm\u00e6rksomme p\u00e5 behovet for beskyttelse og forsvarlig behandling af personlige oplysninger. Vi arbejder derfor ud fra f\u00f8lgende principper: Ingen videregivelse af personlige oplysninger til tredjepart medmindre det er p\u00e5kr\u00e6vet ved lov. Ingen indhentning af personlige oplysninger fra tredjepart. Det er frivilligt, om du \u00f8nsker at blive tilmeldt vores [&hellip;]","og_url":"https:\/\/chat-board.dk\/da\/persondatapolitik\/","og_site_name":"CHAT BOARD","article_modified_time":"2024-09-18T12:57:59+00:00","twitter_card":"summary_large_image","twitter_misc":{"Est. reading time":"3 minutes"},"schema":{"@context":"https:\/\/schema.org","@graph":[{"@type":"WebPage","@id":"https:\/\/chat-board.dk\/da\/persondatapolitik\/","url":"https:\/\/chat-board.dk\/da\/persondatapolitik\/","name":"Persondatapolitik - CHAT BOARD","isPartOf":{"@id":"https:\/\/chat-board.dk\/da\/#website"},"datePublished":"2024-09-18T09:04:47+00:00","dateModified":"2024-09-18T12:57:59+00:00","breadcrumb":{"@id":"https:\/\/chat-board.dk\/da\/persondatapolitik\/#breadcrumb"},"inLanguage":"da-DK","potentialAction":[{"@type":"ReadAction","target":["https:\/\/chat-board.dk\/da\/persondatapolitik\/"]}]},{"@type":"BreadcrumbList","@id":"https:\/\/chat-board.dk\/da\/persondatapolitik\/#breadcrumb","itemListElement":[{"@type":"ListItem","position":1,"name":"Home","item":"https:\/\/chat-board.dk\/da\/"},{"@type":"ListItem","position":2,"name":"Persondatapolitik"}]},{"@type":"WebSite","@id":"https:\/\/chat-board.dk\/da\/#website","url":"https:\/\/chat-board.dk\/da\/","name":"CHAT BOARD","description":"","potentialAction":[{"@type":"SearchAction","target":{"@type":"EntryPoint","urlTemplate":"https:\/\/chat-board.dk\/da\/?s={search_term_string}"},"query-input":{"@type":"PropertyValueSpecification","valueRequired":true,"valueName":"search_term_string"}}],"inLanguage":"da-DK"}]}},"_links":{"self":[{"href":"https:\/\/chat-board.dk\/da\/wp-json\/wp\/v2\/pages\/9664","targetHints":{"allow":["GET"]}}],"collection":[{"href":"https:\/\/chat-board.dk\/da\/wp-json\/wp\/v2\/pages"}],"about":[{"href":"https:\/\/chat-board.dk\/da\/wp-json\/wp\/v2\/types\/page"}],"author":[{"embeddable":true,"href":"https:\/\/chat-board.dk\/da\/wp-json\/wp\/v2\/users\/3"}],"replies":[{"embeddable":true,"href":"https:\/\/chat-board.dk\/da\/wp-json\/wp\/v2\/comments?post=9664"}],"version-history":[{"count":4,"href":"https:\/\/chat-board.dk\/da\/wp-json\/wp\/v2\/pages\/9664\/revisions"}],"predecessor-version":[{"id":9680,"href":"https:\/\/chat-board.dk\/da\/wp-json\/wp\/v2\/pages\/9664\/revisions\/9680"}],"wp:attachment":[{"href":"https:\/\/chat-board.dk\/da\/wp-json\/wp\/v2\/media?parent=9664"}],"curies":[{"name":"wp","href":"https:\/\/api.w.org\/{rel}","templated":true}]}}