{"id":4837,"date":"2021-04-22T10:10:46","date_gmt":"2021-04-22T08:10:46","guid":{"rendered":"http:\/\/clients.rubystudio.dk\/chatboard\/saadan-arbejder-vi\/"},"modified":"2024-06-26T09:01:55","modified_gmt":"2024-06-26T07:01:55","slug":"saadan-arbejder-vi","status":"publish","type":"page","link":"https:\/\/chat-board.dk\/da\/saadan-arbejder-vi\/","title":{"rendered":"Om os"},"content":{"rendered":"<h4><em><strong>Vores historie<\/strong><\/em><\/h4>\n<p>Som den f\u00f8rste og originale af sin slags s\u00e5 den magnetiske CHAT BOARD<sup>\u00ae<\/sup>\u00a0glastavle dagens lys i 2003, da den erfarne glasspecialist Hans Henning Jensen og hans datter Josefine Honor\u00e9, der havde en ledende stilling i hotelbranchen, gik sammen om at udvikle et smukt og funktionelt alternativ til det konventionelle whiteboard. Det nye produkt skulle i al sin enkelthed l\u00f8fte skrivetavlen fra dens status som et \u201dn\u00f8dvendigt onde\u201d til at blive et attraktivt designobjekt, der ville inspirere og stimulere den analoge, visuelle kommunikation mellem mennesker. Udover at s\u00e6tte helt nye standarder som den f\u00f8rste \u201dsv\u00e6vende\u201d, magnetiske glastavle uden synligt oph\u00e6ng, kom tavlen til at inspirere til en ny indretningstendens inden for anvendelsen af kul\u00f8rte glasflader som fremtr\u00e6dende designelement.<\/p>\n<p>Fra lanceringen af den f\u00f8rste v\u00e6gh\u00e6ngte tavle er b\u00e5de firma og sortiment fortsat med at vokse, og kollektionen best\u00e5r i dag af et stort udvalg af komplementerende produkter, der eftersp\u00f8rges af kunder i hele verden.<\/p>\n<p>CHAT BOARD er stadig et familiefirma, og de forts\u00e6tter rejsen i samme \u00e5nd, som den blev p\u00e5begyndt for to \u00e5rtier siden.<\/p>\n<h4><\/h4>\n<p>&nbsp;<\/p>\n<h4><em><strong>S\u00e5dan arbejder vi: Ambitioner realiseret<\/strong><\/em><\/h4>\n<p>Med dybe r\u00f8dder i den skandinaviske designtradition er et CHAT BOARD produkt resultatet af en kompromisl\u00f8s tilgang til kvalitet i design, materialer og h\u00e5ndv\u00e6rk.<\/p>\n<p>I n\u00e6rt samarbejde med f\u00f8rende designere udvikler vi smukke, funktionelle og nyt\u00e6nkende designs, der alle er n\u00f8je udformet til at fremme og n\u00e6re den kreative dialog mellem mennesker, i b\u00e5de den professionelle og private sf\u00e6re.<\/p>\n<p>Hvert produkt er h\u00e5ndlavet og kvalitetskontrolleret p\u00e5 vores fabrik lidt uden for K\u00f8benhavn, og alle r\u00e5varer indk\u00f8bes hos ganske f\u00e5, n\u00f8je udvalgte underleverand\u00f8rer, lokalt og inden for EU. Det giver os fuld kontrol over alle led i forsyningsk\u00e6den og hj\u00e6lper os til konsekvent at opretholde et enest\u00e5ende kvalitetsniveau for vore produkter, samtidig med at vi kan holde vore leveringstider nede for selv specialfremstillede produkter.<\/p>\n<p>&nbsp;<\/p>\n<div style=\"width: 1920px;\" class=\"wp-video\"><!--[if lt IE 9]><script>document.createElement('video');<\/script><![endif]-->\n<video class=\"wp-video-shortcode\" id=\"video-4837-1\" width=\"1920\" height=\"1080\" autoplay preload=\"metadata\" controls=\"controls\"><source type=\"video\/mp4\" src=\"https:\/\/chat-board.dk\/wp-content\/uploads\/2024\/06\/Chat-Board.mp4?_=1\" \/><a href=\"https:\/\/chat-board.dk\/wp-content\/uploads\/2024\/06\/Chat-Board.mp4\">https:\/\/chat-board.dk\/wp-content\/uploads\/2024\/06\/Chat-Board.mp4<\/a><\/video><\/div>\n","protected":false},"excerpt":{"rendered":"<p>Vores historie Som den f\u00f8rste og originale af sin slags s\u00e5 den magnetiske CHAT BOARD\u00ae\u00a0glastavle dagens lys i 2003, da den erfarne glasspecialist Hans Henning Jensen og hans datter Josefine Honor\u00e9, der havde en ledende stilling i hotelbranchen, gik sammen om at udvikle et smukt og funktionelt alternativ til det konventionelle whiteboard. Det nye produkt [&hellip;]<\/p>\n","protected":false},"author":2,"featured_media":0,"parent":0,"menu_order":11,"comment_status":"closed","ping_status":"closed","template":"","meta":{"_acf_changed":false,"footnotes":""},"class_list":["post-4837","page","type-page","status-publish","hentry"],"acf":[],"yoast_head":"<!-- This site is optimized with the Yoast SEO plugin v25.3.1 - https:\/\/yoast.com\/wordpress\/plugins\/seo\/ -->\n<title>Om os - CHAT BOARD<\/title>\n<meta name=\"robots\" content=\"index, follow, max-snippet:-1, max-image-preview:large, max-video-preview:-1\" \/>\n<link rel=\"canonical\" href=\"https:\/\/chat-board.dk\/da\/saadan-arbejder-vi\/\" \/>\n<meta property=\"og:locale\" content=\"da_DK\" \/>\n<meta property=\"og:type\" content=\"article\" \/>\n<meta property=\"og:title\" content=\"Om os - CHAT BOARD\" \/>\n<meta property=\"og:description\" content=\"Vores historie Som den f\u00f8rste og originale af sin slags s\u00e5 den magnetiske CHAT BOARD\u00ae\u00a0glastavle dagens lys i 2003, da den erfarne glasspecialist Hans Henning Jensen og hans datter Josefine Honor\u00e9, der havde en ledende stilling i hotelbranchen, gik sammen om at udvikle et smukt og funktionelt alternativ til det konventionelle whiteboard. Det nye produkt [&hellip;]\" \/>\n<meta property=\"og:url\" content=\"https:\/\/chat-board.dk\/da\/saadan-arbejder-vi\/\" \/>\n<meta property=\"og:site_name\" content=\"CHAT BOARD\" \/>\n<meta property=\"article:modified_time\" content=\"2024-06-26T07:01:55+00:00\" \/>\n<meta name=\"twitter:card\" content=\"summary_large_image\" \/>\n<meta name=\"twitter:label1\" content=\"Est. reading time\" \/>\n\t<meta name=\"twitter:data1\" content=\"2 minutes\" \/>\n<script type=\"application\/ld+json\" class=\"yoast-schema-graph\">{\"@context\":\"https:\/\/schema.org\",\"@graph\":[{\"@type\":\"WebPage\",\"@id\":\"https:\/\/chat-board.dk\/da\/saadan-arbejder-vi\/\",\"url\":\"https:\/\/chat-board.dk\/da\/saadan-arbejder-vi\/\",\"name\":\"Om os - CHAT BOARD\",\"isPartOf\":{\"@id\":\"https:\/\/chat-board.dk\/da\/#website\"},\"datePublished\":\"2021-04-22T08:10:46+00:00\",\"dateModified\":\"2024-06-26T07:01:55+00:00\",\"breadcrumb\":{\"@id\":\"https:\/\/chat-board.dk\/da\/saadan-arbejder-vi\/#breadcrumb\"},\"inLanguage\":\"da-DK\",\"potentialAction\":[{\"@type\":\"ReadAction\",\"target\":[\"https:\/\/chat-board.dk\/da\/saadan-arbejder-vi\/\"]}]},{\"@type\":\"BreadcrumbList\",\"@id\":\"https:\/\/chat-board.dk\/da\/saadan-arbejder-vi\/#breadcrumb\",\"itemListElement\":[{\"@type\":\"ListItem\",\"position\":1,\"name\":\"Home\",\"item\":\"https:\/\/chat-board.dk\/da\/\"},{\"@type\":\"ListItem\",\"position\":2,\"name\":\"Om os\"}]},{\"@type\":\"WebSite\",\"@id\":\"https:\/\/chat-board.dk\/da\/#website\",\"url\":\"https:\/\/chat-board.dk\/da\/\",\"name\":\"CHAT BOARD\",\"description\":\"\",\"potentialAction\":[{\"@type\":\"SearchAction\",\"target\":{\"@type\":\"EntryPoint\",\"urlTemplate\":\"https:\/\/chat-board.dk\/da\/?s={search_term_string}\"},\"query-input\":{\"@type\":\"PropertyValueSpecification\",\"valueRequired\":true,\"valueName\":\"search_term_string\"}}],\"inLanguage\":\"da-DK\"}]}<\/script>\n<!-- \/ Yoast SEO plugin. -->","yoast_head_json":{"title":"Om os - CHAT BOARD","robots":{"index":"index","follow":"follow","max-snippet":"max-snippet:-1","max-image-preview":"max-image-preview:large","max-video-preview":"max-video-preview:-1"},"canonical":"https:\/\/chat-board.dk\/da\/saadan-arbejder-vi\/","og_locale":"da_DK","og_type":"article","og_title":"Om os - CHAT BOARD","og_description":"Vores historie Som den f\u00f8rste og originale af sin slags s\u00e5 den magnetiske CHAT BOARD\u00ae\u00a0glastavle dagens lys i 2003, da den erfarne glasspecialist Hans Henning Jensen og hans datter Josefine Honor\u00e9, der havde en ledende stilling i hotelbranchen, gik sammen om at udvikle et smukt og funktionelt alternativ til det konventionelle whiteboard. Det nye produkt [&hellip;]","og_url":"https:\/\/chat-board.dk\/da\/saadan-arbejder-vi\/","og_site_name":"CHAT BOARD","article_modified_time":"2024-06-26T07:01:55+00:00","twitter_card":"summary_large_image","twitter_misc":{"Est. reading time":"2 minutes"},"schema":{"@context":"https:\/\/schema.org","@graph":[{"@type":"WebPage","@id":"https:\/\/chat-board.dk\/da\/saadan-arbejder-vi\/","url":"https:\/\/chat-board.dk\/da\/saadan-arbejder-vi\/","name":"Om os - CHAT BOARD","isPartOf":{"@id":"https:\/\/chat-board.dk\/da\/#website"},"datePublished":"2021-04-22T08:10:46+00:00","dateModified":"2024-06-26T07:01:55+00:00","breadcrumb":{"@id":"https:\/\/chat-board.dk\/da\/saadan-arbejder-vi\/#breadcrumb"},"inLanguage":"da-DK","potentialAction":[{"@type":"ReadAction","target":["https:\/\/chat-board.dk\/da\/saadan-arbejder-vi\/"]}]},{"@type":"BreadcrumbList","@id":"https:\/\/chat-board.dk\/da\/saadan-arbejder-vi\/#breadcrumb","itemListElement":[{"@type":"ListItem","position":1,"name":"Home","item":"https:\/\/chat-board.dk\/da\/"},{"@type":"ListItem","position":2,"name":"Om os"}]},{"@type":"WebSite","@id":"https:\/\/chat-board.dk\/da\/#website","url":"https:\/\/chat-board.dk\/da\/","name":"CHAT BOARD","description":"","potentialAction":[{"@type":"SearchAction","target":{"@type":"EntryPoint","urlTemplate":"https:\/\/chat-board.dk\/da\/?s={search_term_string}"},"query-input":{"@type":"PropertyValueSpecification","valueRequired":true,"valueName":"search_term_string"}}],"inLanguage":"da-DK"}]}},"_links":{"self":[{"href":"https:\/\/chat-board.dk\/da\/wp-json\/wp\/v2\/pages\/4837","targetHints":{"allow":["GET"]}}],"collection":[{"href":"https:\/\/chat-board.dk\/da\/wp-json\/wp\/v2\/pages"}],"about":[{"href":"https:\/\/chat-board.dk\/da\/wp-json\/wp\/v2\/types\/page"}],"author":[{"embeddable":true,"href":"https:\/\/chat-board.dk\/da\/wp-json\/wp\/v2\/users\/2"}],"replies":[{"embeddable":true,"href":"https:\/\/chat-board.dk\/da\/wp-json\/wp\/v2\/comments?post=4837"}],"version-history":[{"count":7,"href":"https:\/\/chat-board.dk\/da\/wp-json\/wp\/v2\/pages\/4837\/revisions"}],"predecessor-version":[{"id":9627,"href":"https:\/\/chat-board.dk\/da\/wp-json\/wp\/v2\/pages\/4837\/revisions\/9627"}],"wp:attachment":[{"href":"https:\/\/chat-board.dk\/da\/wp-json\/wp\/v2\/media?parent=4837"}],"curies":[{"name":"wp","href":"https:\/\/api.w.org\/{rel}","templated":true}]}}