{"id":4829,"date":"2021-04-22T09:30:41","date_gmt":"2021-04-22T07:30:41","guid":{"rendered":"http:\/\/clients.rubystudio.dk\/chatboard\/?page_id=4829"},"modified":"2026-03-30T09:11:28","modified_gmt":"2026-03-30T07:11:28","slug":"baeredygtighed","status":"publish","type":"page","link":"https:\/\/chat-board.dk\/da\/baeredygtighed\/","title":{"rendered":"B\u00e6redygtighed"},"content":{"rendered":"<p style=\"text-align: center;\">&#8220;Vi arbejder med certificerede standarder som Cradle to Cradle Certified\u2122 og EPD\u2019er for at sikre fuld gennemsigtighed, ansvarligt materialevalg og en cirkul\u00e6r produktlivscyklus.&#8221;<\/p>\n<p><img decoding=\"async\" class=\"wp-image-11492 size-full\" src=\"https:\/\/chat-board.dk\/wp-content\/uploads\/2026\/03\/26_11_02-scaled.jpg\" alt=\"Chatboard Coach\" width=\"2560\" height=\"1706\" srcset=\"https:\/\/chat-board.dk\/wp-content\/uploads\/2026\/03\/26_11_02-scaled.jpg 2560w, https:\/\/chat-board.dk\/wp-content\/uploads\/2026\/03\/26_11_02-300x200.jpg 300w, https:\/\/chat-board.dk\/wp-content\/uploads\/2026\/03\/26_11_02-1024x682.jpg 1024w, https:\/\/chat-board.dk\/wp-content\/uploads\/2026\/03\/26_11_02-768x512.jpg 768w, https:\/\/chat-board.dk\/wp-content\/uploads\/2026\/03\/26_11_02-1536x1024.jpg 1536w, https:\/\/chat-board.dk\/wp-content\/uploads\/2026\/03\/26_11_02-2048x1365.jpg 2048w, https:\/\/chat-board.dk\/wp-content\/uploads\/2026\/03\/26_11_02-680x453.jpg 680w, https:\/\/chat-board.dk\/wp-content\/uploads\/2026\/03\/26_11_02-600x400.jpg 600w\" sizes=\"(max-width: 2560px) 100vw, 2560px\" \/><\/p>\n<h4 data-section-id=\"1vcg1p9\" data-start=\"265\" data-end=\"300\"><strong>Certificeret cirkul\u00e6rt design<\/strong><\/h4>\n<p data-start=\"302\" data-end=\"427\">Vores produkter er <a href=\"https:\/\/c2ccertified.org\/\">Cradle to Cradle Certified\u2122<\/a>, en af de mest omfattende certificeringer inden for cirkul\u00e6rt produktdesign.<\/p>\n<p data-start=\"429\" data-end=\"656\">Certificeringen vurderer materialers sundhed, cirkularitet, brug af vedvarende energi, vandforvaltning og social ansvarlighed. Den kr\u00e6ver fuld gennemsigtighed og tredjepartsverificering p\u00e5 tv\u00e6rs af hele produktets livscyklus.<\/p>\n<p data-start=\"658\" data-end=\"841\">Ved at arbejde inden for denne ramme sikrer vi, at vores produkter ikke blot er designet til at holde, men ogs\u00e5 til at indg\u00e5 i et kontinuerligt kredsl\u00f8b af genbrug og genanvendelse.<\/p>\n<p data-start=\"843\" data-end=\"992\"><strong>L\u00e6s mere om Cradle to Cradle-certificeringen p\u00e5 vores mobile l\u00f8sninger <a href=\"https:\/\/c2ccertified.org\/certified-products\/chat-board-mobile-sprinter-coach\">her<\/a> og v\u00e6gmonteret <a href=\"https:\/\/c2ccertified.org\/certified-products\/chat-board-classic-elements-matt-orbit-ambit\">her<\/a><\/strong><\/p>\n<div style=\"height: 30px;\"><\/div>\n<h3 data-section-id=\"fu1egw\" data-start=\"999\" data-end=\"1033\"><\/h3>\n<h4 data-section-id=\"fu1egw\" data-start=\"999\" data-end=\"1033\"><strong>Dokumenteret milj\u00f8p\u00e5virkning<\/strong><\/h4>\n<p data-start=\"1035\" data-end=\"1162\">For at skabe fuld indsigt i vores produkters milj\u00f8m\u00e6ssige aftryk arbejder vi med Environmental Product Declarations (EPD\u2019er).<\/p>\n<p data-start=\"1164\" data-end=\"1322\">En EPD er baseret p\u00e5 en livscyklusvurdering og dokumenterer et produkts milj\u00f8p\u00e5virkning gennem hele dets levetid \u2013 fra r\u00e5materialeudvinding til end-of-life.<\/p>\n<p data-start=\"1324\" data-end=\"1483\">Dette niveau af dokumentation er afg\u00f8rende for arkitekter, designere og projektplanl\u00e6ggere, der har behov for verificerede data i b\u00e6redygtige byggeprojekter.<\/p>\n<p data-start=\"1485\" data-end=\"1516\"><strong>Se vores <a href=\"https:\/\/www.epddanmark.dk\/epd-databasen\/chat-board-a-s\/\">EPD-dokumentation<\/a><\/strong><\/p>\n<div style=\"height: 30px;\"><\/div>\n<h3 data-section-id=\"1nnwlru\" data-start=\"1523\" data-end=\"1570\"><\/h3>\n<h4 data-section-id=\"1nnwlru\" data-start=\"1523\" data-end=\"1570\"><strong>Gennemsigtighed og kontinuerlig udvikling<\/strong><\/h4>\n<p data-start=\"1572\" data-end=\"1791\">Vi tror p\u00e5, at ansvarlig produktion starter med fuld gennemsigtighed i materialer. Alle komponenter er n\u00f8je udvalgt, dokumenteret og vurderet, hvilket sikrer b\u00e5de sikkerhed og ansvarlighed gennem hele leverand\u00f8rk\u00e6den.<\/p>\n<p data-start=\"1793\" data-end=\"2048\">Vi har samtidig fokus p\u00e5, hvordan og hvor vores produkter fremstilles, og arbejder med energieffektive processer, vedvarende energi og t\u00e6tte samarbejder med betroede leverand\u00f8rer. Dette reducerer milj\u00f8p\u00e5virkningen uden at g\u00e5 p\u00e5 kompromis med kvaliteten.<\/p>\n<p data-start=\"2050\" data-end=\"2236\">B\u00e6redygtighed er en l\u00f8bende proces. Med flere produkter allerede Cradle to Cradle Certified\u2122 forts\u00e6tter vi med at udvikle vores tilgang og h\u00e6ve standarden for ansvarligt produktdesign.<\/p>\n<p>&nbsp;<\/p>\n<div style=\"height: 30px;\"><\/div>\n","protected":false},"excerpt":{"rendered":"<p>&#8220;Vi arbejder med certificerede standarder som Cradle to Cradle Certified\u2122 og EPD\u2019er for at sikre fuld gennemsigtighed, ansvarligt materialevalg og en cirkul\u00e6r produktlivscyklus.&#8221; Certificeret cirkul\u00e6rt design Vores produkter er Cradle to Cradle Certified\u2122, en af de mest omfattende certificeringer inden for cirkul\u00e6rt produktdesign. Certificeringen vurderer materialers sundhed, cirkularitet, brug af vedvarende energi, vandforvaltning og social [&hellip;]<\/p>\n","protected":false},"author":3,"featured_media":0,"parent":0,"menu_order":17,"comment_status":"closed","ping_status":"closed","template":"","meta":{"_acf_changed":false,"footnotes":""},"class_list":["post-4829","page","type-page","status-publish","hentry"],"acf":[],"yoast_head":"<!-- This site is optimized with the Yoast SEO plugin v25.3.1 - https:\/\/yoast.com\/wordpress\/plugins\/seo\/ -->\n<title>B\u00e6redygtighed - CHAT BOARD<\/title>\n<meta name=\"robots\" content=\"index, follow, max-snippet:-1, max-image-preview:large, max-video-preview:-1\" \/>\n<link rel=\"canonical\" href=\"https:\/\/chat-board.dk\/da\/baeredygtighed\/\" \/>\n<meta property=\"og:locale\" content=\"da_DK\" \/>\n<meta property=\"og:type\" content=\"article\" \/>\n<meta property=\"og:title\" content=\"B\u00e6redygtighed - CHAT BOARD\" \/>\n<meta property=\"og:description\" content=\"&#8220;Vi arbejder med certificerede standarder som Cradle to Cradle Certified\u2122 og EPD\u2019er for at sikre fuld gennemsigtighed, ansvarligt materialevalg og en cirkul\u00e6r produktlivscyklus.&#8221; Certificeret cirkul\u00e6rt design Vores produkter er Cradle to Cradle Certified\u2122, en af de mest omfattende certificeringer inden for cirkul\u00e6rt produktdesign. Certificeringen vurderer materialers sundhed, cirkularitet, brug af vedvarende energi, vandforvaltning og social [&hellip;]\" \/>\n<meta property=\"og:url\" content=\"https:\/\/chat-board.dk\/da\/baeredygtighed\/\" \/>\n<meta property=\"og:site_name\" content=\"CHAT BOARD\" \/>\n<meta property=\"article:modified_time\" content=\"2026-03-30T07:11:28+00:00\" \/>\n<meta property=\"og:image\" content=\"https:\/\/chat-board.dk\/wp-content\/uploads\/2026\/03\/26_11_02-scaled.jpg\" \/>\n\t<meta property=\"og:image:width\" content=\"2560\" \/>\n\t<meta property=\"og:image:height\" content=\"1706\" \/>\n\t<meta property=\"og:image:type\" content=\"image\/jpeg\" \/>\n<meta name=\"twitter:card\" content=\"summary_large_image\" \/>\n<meta name=\"twitter:label1\" content=\"Est. reading time\" \/>\n\t<meta name=\"twitter:data1\" content=\"2 minutes\" \/>\n<script type=\"application\/ld+json\" class=\"yoast-schema-graph\">{\"@context\":\"https:\/\/schema.org\",\"@graph\":[{\"@type\":\"WebPage\",\"@id\":\"https:\/\/chat-board.dk\/da\/baeredygtighed\/\",\"url\":\"https:\/\/chat-board.dk\/da\/baeredygtighed\/\",\"name\":\"B\u00e6redygtighed - CHAT BOARD\",\"isPartOf\":{\"@id\":\"https:\/\/chat-board.dk\/da\/#website\"},\"primaryImageOfPage\":{\"@id\":\"https:\/\/chat-board.dk\/da\/baeredygtighed\/#primaryimage\"},\"image\":{\"@id\":\"https:\/\/chat-board.dk\/da\/baeredygtighed\/#primaryimage\"},\"thumbnailUrl\":\"https:\/\/chat-board.dk\/wp-content\/uploads\/2026\/03\/26_11_02-scaled.jpg\",\"datePublished\":\"2021-04-22T07:30:41+00:00\",\"dateModified\":\"2026-03-30T07:11:28+00:00\",\"breadcrumb\":{\"@id\":\"https:\/\/chat-board.dk\/da\/baeredygtighed\/#breadcrumb\"},\"inLanguage\":\"da-DK\",\"potentialAction\":[{\"@type\":\"ReadAction\",\"target\":[\"https:\/\/chat-board.dk\/da\/baeredygtighed\/\"]}]},{\"@type\":\"ImageObject\",\"inLanguage\":\"da-DK\",\"@id\":\"https:\/\/chat-board.dk\/da\/baeredygtighed\/#primaryimage\",\"url\":\"https:\/\/chat-board.dk\/wp-content\/uploads\/2026\/03\/26_11_02-scaled.jpg\",\"contentUrl\":\"https:\/\/chat-board.dk\/wp-content\/uploads\/2026\/03\/26_11_02-scaled.jpg\"},{\"@type\":\"BreadcrumbList\",\"@id\":\"https:\/\/chat-board.dk\/da\/baeredygtighed\/#breadcrumb\",\"itemListElement\":[{\"@type\":\"ListItem\",\"position\":1,\"name\":\"Home\",\"item\":\"https:\/\/chat-board.dk\/da\/\"},{\"@type\":\"ListItem\",\"position\":2,\"name\":\"B\u00e6redygtighed\"}]},{\"@type\":\"WebSite\",\"@id\":\"https:\/\/chat-board.dk\/da\/#website\",\"url\":\"https:\/\/chat-board.dk\/da\/\",\"name\":\"CHAT BOARD\",\"description\":\"\",\"potentialAction\":[{\"@type\":\"SearchAction\",\"target\":{\"@type\":\"EntryPoint\",\"urlTemplate\":\"https:\/\/chat-board.dk\/da\/?s={search_term_string}\"},\"query-input\":{\"@type\":\"PropertyValueSpecification\",\"valueRequired\":true,\"valueName\":\"search_term_string\"}}],\"inLanguage\":\"da-DK\"}]}<\/script>\n<!-- \/ Yoast SEO plugin. -->","yoast_head_json":{"title":"B\u00e6redygtighed - CHAT BOARD","robots":{"index":"index","follow":"follow","max-snippet":"max-snippet:-1","max-image-preview":"max-image-preview:large","max-video-preview":"max-video-preview:-1"},"canonical":"https:\/\/chat-board.dk\/da\/baeredygtighed\/","og_locale":"da_DK","og_type":"article","og_title":"B\u00e6redygtighed - CHAT BOARD","og_description":"&#8220;Vi arbejder med certificerede standarder som Cradle to Cradle Certified\u2122 og EPD\u2019er for at sikre fuld gennemsigtighed, ansvarligt materialevalg og en cirkul\u00e6r produktlivscyklus.&#8221; Certificeret cirkul\u00e6rt design Vores produkter er Cradle to Cradle Certified\u2122, en af de mest omfattende certificeringer inden for cirkul\u00e6rt produktdesign. Certificeringen vurderer materialers sundhed, cirkularitet, brug af vedvarende energi, vandforvaltning og social [&hellip;]","og_url":"https:\/\/chat-board.dk\/da\/baeredygtighed\/","og_site_name":"CHAT BOARD","article_modified_time":"2026-03-30T07:11:28+00:00","og_image":[{"width":2560,"height":1706,"url":"https:\/\/chat-board.dk\/wp-content\/uploads\/2026\/03\/26_11_02-scaled.jpg","type":"image\/jpeg"}],"twitter_card":"summary_large_image","twitter_misc":{"Est. reading time":"2 minutes"},"schema":{"@context":"https:\/\/schema.org","@graph":[{"@type":"WebPage","@id":"https:\/\/chat-board.dk\/da\/baeredygtighed\/","url":"https:\/\/chat-board.dk\/da\/baeredygtighed\/","name":"B\u00e6redygtighed - CHAT BOARD","isPartOf":{"@id":"https:\/\/chat-board.dk\/da\/#website"},"primaryImageOfPage":{"@id":"https:\/\/chat-board.dk\/da\/baeredygtighed\/#primaryimage"},"image":{"@id":"https:\/\/chat-board.dk\/da\/baeredygtighed\/#primaryimage"},"thumbnailUrl":"https:\/\/chat-board.dk\/wp-content\/uploads\/2026\/03\/26_11_02-scaled.jpg","datePublished":"2021-04-22T07:30:41+00:00","dateModified":"2026-03-30T07:11:28+00:00","breadcrumb":{"@id":"https:\/\/chat-board.dk\/da\/baeredygtighed\/#breadcrumb"},"inLanguage":"da-DK","potentialAction":[{"@type":"ReadAction","target":["https:\/\/chat-board.dk\/da\/baeredygtighed\/"]}]},{"@type":"ImageObject","inLanguage":"da-DK","@id":"https:\/\/chat-board.dk\/da\/baeredygtighed\/#primaryimage","url":"https:\/\/chat-board.dk\/wp-content\/uploads\/2026\/03\/26_11_02-scaled.jpg","contentUrl":"https:\/\/chat-board.dk\/wp-content\/uploads\/2026\/03\/26_11_02-scaled.jpg"},{"@type":"BreadcrumbList","@id":"https:\/\/chat-board.dk\/da\/baeredygtighed\/#breadcrumb","itemListElement":[{"@type":"ListItem","position":1,"name":"Home","item":"https:\/\/chat-board.dk\/da\/"},{"@type":"ListItem","position":2,"name":"B\u00e6redygtighed"}]},{"@type":"WebSite","@id":"https:\/\/chat-board.dk\/da\/#website","url":"https:\/\/chat-board.dk\/da\/","name":"CHAT BOARD","description":"","potentialAction":[{"@type":"SearchAction","target":{"@type":"EntryPoint","urlTemplate":"https:\/\/chat-board.dk\/da\/?s={search_term_string}"},"query-input":{"@type":"PropertyValueSpecification","valueRequired":true,"valueName":"search_term_string"}}],"inLanguage":"da-DK"}]}},"_links":{"self":[{"href":"https:\/\/chat-board.dk\/da\/wp-json\/wp\/v2\/pages\/4829","targetHints":{"allow":["GET"]}}],"collection":[{"href":"https:\/\/chat-board.dk\/da\/wp-json\/wp\/v2\/pages"}],"about":[{"href":"https:\/\/chat-board.dk\/da\/wp-json\/wp\/v2\/types\/page"}],"author":[{"embeddable":true,"href":"https:\/\/chat-board.dk\/da\/wp-json\/wp\/v2\/users\/3"}],"replies":[{"embeddable":true,"href":"https:\/\/chat-board.dk\/da\/wp-json\/wp\/v2\/comments?post=4829"}],"version-history":[{"count":12,"href":"https:\/\/chat-board.dk\/da\/wp-json\/wp\/v2\/pages\/4829\/revisions"}],"predecessor-version":[{"id":11593,"href":"https:\/\/chat-board.dk\/da\/wp-json\/wp\/v2\/pages\/4829\/revisions\/11593"}],"wp:attachment":[{"href":"https:\/\/chat-board.dk\/da\/wp-json\/wp\/v2\/media?parent=4829"}],"curies":[{"name":"wp","href":"https:\/\/api.w.org\/{rel}","templated":true}]}}