{"id":1141,"date":"2020-10-08T09:00:53","date_gmt":"2020-10-08T09:00:53","guid":{"rendered":"http:\/\/clients.rubystudio.dk\/chatboard\/contact\/"},"modified":"2026-03-27T13:52:28","modified_gmt":"2026-03-27T11:52:28","slug":"contact","status":"publish","type":"page","link":"https:\/\/chat-board.dk\/da\/contact\/","title":{"rendered":"Kontakt"},"content":{"rendered":"<p style=\"text-align: center;\"><strong>Hovedkontor<\/strong><\/p>\n<p class=\"p1\" style=\"text-align: center;\">CHAT BOARD A\/S<br \/>\nTempovej 10 C<br \/>\n2750 Ballerup<br \/>\nDanmark<\/p>\n<p class=\"p1\" style=\"text-align: center;\">Tel. +45 4484 5144<br \/>\n<a href=\"mailto:info@chat-board.dk\">info@chat-board.dk<\/a><\/p>\n<p class=\"p1\" style=\"text-align: center;\">CVR nr.: DK15806230<\/p>\n<p>&nbsp;<\/p>\n<h1 style=\"text-align: center;\">Showroom<\/h1>\n<p style=\"text-align: center;\"><strong>Showroom K\u00f8benhavn<\/strong><\/p>\n<p class=\"p1\" style=\"text-align: center;\">The Social House<br \/>\nStore Regnegade 12<br \/>\n1110 K\u00f8benhavn K<br \/>\nDanmark<\/p>\n<p style=\"text-align: center;\">Man.-Fre. <em>kun efter aftale<\/em><br \/>\nBook aftale via e-mail <a href=\"ls@chat-board.dk\" target=\"_blank\" rel=\"noopener\">her<\/a>, eller p\u00e5 telefon til Lars S\u00f8ndergaard: +45 4880 8114<\/p>\n<p>&nbsp;<\/p>\n<h1 style=\"text-align: center;\">Salgsteam<\/h1>\n","protected":false},"excerpt":{"rendered":"<p>Hovedkontor CHAT BOARD A\/S Tempovej 10 C 2750 Ballerup Danmark Tel. +45 4484 5144 info@chat-board.dk CVR nr.: DK15806230 &nbsp; Showroom Showroom K\u00f8benhavn The Social House Store Regnegade 12 1110 K\u00f8benhavn K Danmark Man.-Fre. kun efter aftale Book aftale via e-mail her, eller p\u00e5 telefon til Lars S\u00f8ndergaard: +45 4880 8114 &nbsp; Salgsteam<\/p>\n","protected":false},"author":3,"featured_media":0,"parent":0,"menu_order":30,"comment_status":"closed","ping_status":"closed","template":"templates\/page-contact.php","meta":{"_acf_changed":false,"footnotes":""},"class_list":["post-1141","page","type-page","status-publish","hentry"],"acf":[],"yoast_head":"<!-- This site is optimized with the Yoast SEO plugin v25.3.1 - https:\/\/yoast.com\/wordpress\/plugins\/seo\/ -->\n<title>Kontakt - CHAT BOARD<\/title>\n<meta name=\"robots\" content=\"index, follow, max-snippet:-1, max-image-preview:large, max-video-preview:-1\" \/>\n<link rel=\"canonical\" href=\"https:\/\/chat-board.dk\/da\/contact\/\" \/>\n<meta property=\"og:locale\" content=\"da_DK\" \/>\n<meta property=\"og:type\" content=\"article\" \/>\n<meta property=\"og:title\" content=\"Kontakt - CHAT BOARD\" \/>\n<meta property=\"og:description\" content=\"Hovedkontor CHAT BOARD A\/S Tempovej 10 C 2750 Ballerup Danmark Tel. +45 4484 5144 info@chat-board.dk CVR nr.: DK15806230 &nbsp; Showroom Showroom K\u00f8benhavn The Social House Store Regnegade 12 1110 K\u00f8benhavn K Danmark Man.-Fre. kun efter aftale Book aftale via e-mail her, eller p\u00e5 telefon til Lars S\u00f8ndergaard: +45 4880 8114 &nbsp; Salgsteam\" \/>\n<meta property=\"og:url\" content=\"https:\/\/chat-board.dk\/da\/contact\/\" \/>\n<meta property=\"og:site_name\" content=\"CHAT BOARD\" \/>\n<meta property=\"article:modified_time\" content=\"2026-03-27T11:52:28+00:00\" \/>\n<meta name=\"twitter:card\" content=\"summary_large_image\" \/>\n<meta name=\"twitter:label1\" content=\"Est. reading time\" \/>\n\t<meta name=\"twitter:data1\" content=\"1 minute\" \/>\n<script type=\"application\/ld+json\" class=\"yoast-schema-graph\">{\"@context\":\"https:\/\/schema.org\",\"@graph\":[{\"@type\":\"WebPage\",\"@id\":\"https:\/\/chat-board.dk\/da\/contact\/\",\"url\":\"https:\/\/chat-board.dk\/da\/contact\/\",\"name\":\"Kontakt - CHAT BOARD\",\"isPartOf\":{\"@id\":\"https:\/\/chat-board.dk\/da\/#website\"},\"datePublished\":\"2020-10-08T09:00:53+00:00\",\"dateModified\":\"2026-03-27T11:52:28+00:00\",\"breadcrumb\":{\"@id\":\"https:\/\/chat-board.dk\/da\/contact\/#breadcrumb\"},\"inLanguage\":\"da-DK\",\"potentialAction\":[{\"@type\":\"ReadAction\",\"target\":[\"https:\/\/chat-board.dk\/da\/contact\/\"]}]},{\"@type\":\"BreadcrumbList\",\"@id\":\"https:\/\/chat-board.dk\/da\/contact\/#breadcrumb\",\"itemListElement\":[{\"@type\":\"ListItem\",\"position\":1,\"name\":\"Home\",\"item\":\"https:\/\/chat-board.dk\/da\/\"},{\"@type\":\"ListItem\",\"position\":2,\"name\":\"Kontakt\"}]},{\"@type\":\"WebSite\",\"@id\":\"https:\/\/chat-board.dk\/da\/#website\",\"url\":\"https:\/\/chat-board.dk\/da\/\",\"name\":\"CHAT BOARD\",\"description\":\"\",\"potentialAction\":[{\"@type\":\"SearchAction\",\"target\":{\"@type\":\"EntryPoint\",\"urlTemplate\":\"https:\/\/chat-board.dk\/da\/?s={search_term_string}\"},\"query-input\":{\"@type\":\"PropertyValueSpecification\",\"valueRequired\":true,\"valueName\":\"search_term_string\"}}],\"inLanguage\":\"da-DK\"}]}<\/script>\n<!-- \/ Yoast SEO plugin. -->","yoast_head_json":{"title":"Kontakt - CHAT BOARD","robots":{"index":"index","follow":"follow","max-snippet":"max-snippet:-1","max-image-preview":"max-image-preview:large","max-video-preview":"max-video-preview:-1"},"canonical":"https:\/\/chat-board.dk\/da\/contact\/","og_locale":"da_DK","og_type":"article","og_title":"Kontakt - CHAT BOARD","og_description":"Hovedkontor CHAT BOARD A\/S Tempovej 10 C 2750 Ballerup Danmark Tel. +45 4484 5144 info@chat-board.dk CVR nr.: DK15806230 &nbsp; Showroom Showroom K\u00f8benhavn The Social House Store Regnegade 12 1110 K\u00f8benhavn K Danmark Man.-Fre. kun efter aftale Book aftale via e-mail her, eller p\u00e5 telefon til Lars S\u00f8ndergaard: +45 4880 8114 &nbsp; Salgsteam","og_url":"https:\/\/chat-board.dk\/da\/contact\/","og_site_name":"CHAT BOARD","article_modified_time":"2026-03-27T11:52:28+00:00","twitter_card":"summary_large_image","twitter_misc":{"Est. reading time":"1 minute"},"schema":{"@context":"https:\/\/schema.org","@graph":[{"@type":"WebPage","@id":"https:\/\/chat-board.dk\/da\/contact\/","url":"https:\/\/chat-board.dk\/da\/contact\/","name":"Kontakt - CHAT BOARD","isPartOf":{"@id":"https:\/\/chat-board.dk\/da\/#website"},"datePublished":"2020-10-08T09:00:53+00:00","dateModified":"2026-03-27T11:52:28+00:00","breadcrumb":{"@id":"https:\/\/chat-board.dk\/da\/contact\/#breadcrumb"},"inLanguage":"da-DK","potentialAction":[{"@type":"ReadAction","target":["https:\/\/chat-board.dk\/da\/contact\/"]}]},{"@type":"BreadcrumbList","@id":"https:\/\/chat-board.dk\/da\/contact\/#breadcrumb","itemListElement":[{"@type":"ListItem","position":1,"name":"Home","item":"https:\/\/chat-board.dk\/da\/"},{"@type":"ListItem","position":2,"name":"Kontakt"}]},{"@type":"WebSite","@id":"https:\/\/chat-board.dk\/da\/#website","url":"https:\/\/chat-board.dk\/da\/","name":"CHAT BOARD","description":"","potentialAction":[{"@type":"SearchAction","target":{"@type":"EntryPoint","urlTemplate":"https:\/\/chat-board.dk\/da\/?s={search_term_string}"},"query-input":{"@type":"PropertyValueSpecification","valueRequired":true,"valueName":"search_term_string"}}],"inLanguage":"da-DK"}]}},"_links":{"self":[{"href":"https:\/\/chat-board.dk\/da\/wp-json\/wp\/v2\/pages\/1141","targetHints":{"allow":["GET"]}}],"collection":[{"href":"https:\/\/chat-board.dk\/da\/wp-json\/wp\/v2\/pages"}],"about":[{"href":"https:\/\/chat-board.dk\/da\/wp-json\/wp\/v2\/types\/page"}],"author":[{"embeddable":true,"href":"https:\/\/chat-board.dk\/da\/wp-json\/wp\/v2\/users\/3"}],"replies":[{"embeddable":true,"href":"https:\/\/chat-board.dk\/da\/wp-json\/wp\/v2\/comments?post=1141"}],"version-history":[{"count":46,"href":"https:\/\/chat-board.dk\/da\/wp-json\/wp\/v2\/pages\/1141\/revisions"}],"predecessor-version":[{"id":11582,"href":"https:\/\/chat-board.dk\/da\/wp-json\/wp\/v2\/pages\/1141\/revisions\/11582"}],"wp:attachment":[{"href":"https:\/\/chat-board.dk\/da\/wp-json\/wp\/v2\/media?parent=1141"}],"curies":[{"name":"wp","href":"https:\/\/api.w.org\/{rel}","templated":true}]}}